{"id":8003,"date":"2022-10-20T18:41:34","date_gmt":"2022-10-20T16:41:34","guid":{"rendered":"https:\/\/tumaini-ev.de\/?page_id=8003"},"modified":"2026-03-26T15:17:18","modified_gmt":"2026-03-26T14:17:18","slug":"mitglied-werden","status":"publish","type":"page","link":"https:\/\/tumaini-ev.de\/?page_id=8003","title":{"rendered":"Mitglied werden"},"content":{"rendered":"\t\t<div data-elementor-type=\"wp-page\" data-elementor-id=\"8003\" class=\"elementor elementor-8003\" data-elementor-post-type=\"page\">\n\t\t\t\t\t\t<section class=\"elementor-section elementor-top-section elementor-element elementor-element-d262ac8 elementor-section-boxed elementor-section-height-default elementor-section-height-default\" data-id=\"d262ac8\" data-element_type=\"section\" data-e-type=\"section\">\n\t\t\t\t\t\t<div class=\"elementor-container elementor-column-gap-default\">\n\t\t\t\t\t<div class=\"elementor-column elementor-col-100 elementor-top-column elementor-element elementor-element-c44c7b6\" data-id=\"c44c7b6\" data-element_type=\"column\" data-e-type=\"column\" data-settings=\"{&quot;background_background&quot;:&quot;classic&quot;}\">\n\t\t\t<div class=\"elementor-widget-wrap elementor-element-populated\">\n\t\t\t\t\t\t<div class=\"elementor-element elementor-element-23a0695 elementor-widget elementor-widget-heading\" data-id=\"23a0695\" data-element_type=\"widget\" data-e-type=\"widget\" data-widget_type=\"heading.default\">\n\t\t\t\t<div class=\"elementor-widget-container\">\n\t\t\t\t\t<h2 class=\"elementor-heading-title elementor-size-xl\">Mitglied werden<\/h2>\t\t\t\t<\/div>\n\t\t\t\t<\/div>\n\t\t\t\t<div class=\"elementor-element elementor-element-9f1eb6f elementor-widget elementor-widget-spacer\" data-id=\"9f1eb6f\" data-element_type=\"widget\" data-e-type=\"widget\" data-widget_type=\"spacer.default\">\n\t\t\t\t<div class=\"elementor-widget-container\">\n\t\t\t\t\t\t\t<div class=\"elementor-spacer\">\n\t\t\t<div class=\"elementor-spacer-inner\"><\/div>\n\t\t<\/div>\n\t\t\t\t\t\t<\/div>\n\t\t\t\t<\/div>\n\t\t\t\t<div class=\"elementor-element elementor-element-4921a6f elementor-widget elementor-widget-text-editor\" data-id=\"4921a6f\" data-element_type=\"widget\" data-e-type=\"widget\" data-widget_type=\"text-editor.default\">\n\t\t\t\t<div class=\"elementor-widget-container\">\n\t\t\t\t\t\t\t\t\t<p style=\"text-align: center;\"><span style=\"color: #000000;\"><a style=\"color: #000000;\" href=\"https:\/\/tumaini-ev.de\/wp-content\/uploads\/2022\/10\/Beitrittserkla\u0308rung.pdf\">Die Beitrittserkl\u00e4rung bitte ausdrucken, unterschreiben und per Post an <br \/>Tumaini e.V., Eiffestra\u00dfe 74, 20537 Hamburg oder per Mail an info@tumaini-ev.de senden.<\/a><\/span><\/p>\t\t\t\t\t\t\t\t<\/div>\n\t\t\t\t<\/div>\n\t\t\t\t\t<\/div>\n\t\t<\/div>\n\t\t\t\t\t<\/div>\n\t\t<\/section>\n\t\t\t\t<section class=\"elementor-section elementor-top-section elementor-element elementor-element-5b91438 elementor-section-boxed elementor-section-height-default elementor-section-height-default\" data-id=\"5b91438\" data-element_type=\"section\" data-e-type=\"section\" data-settings=\"{&quot;background_background&quot;:&quot;classic&quot;}\">\n\t\t\t\t\t\t<div class=\"elementor-container elementor-column-gap-default\">\n\t\t\t\t\t<div class=\"elementor-column elementor-col-50 elementor-top-column elementor-element elementor-element-1b4fd29\" data-id=\"1b4fd29\" data-element_type=\"column\" data-e-type=\"column\" data-settings=\"{&quot;background_background&quot;:&quot;classic&quot;}\">\n\t\t\t<div class=\"elementor-widget-wrap elementor-element-populated\">\n\t\t\t\t\t\t<div class=\"elementor-element elementor-element-ed3916d elementor-widget elementor-widget-text-editor\" data-id=\"ed3916d\" data-element_type=\"widget\" data-e-type=\"widget\" data-widget_type=\"text-editor.default\">\n\t\t\t\t<div class=\"elementor-widget-container\">\n\t\t\t\t\t\t\t\t\t<p style=\"text-align: center;\"><a href=\"https:\/\/tumaini-ev.de\/wp-content\/uploads\/2022\/10\/Beitrittserkla\u0308rung.pdf\"><span style=\"color: #000000;\">Die Beitrittserkl\u00e4rung finden Sie hier.<\/span><\/a><\/p>\t\t\t\t\t\t\t\t<\/div>\n\t\t\t\t<\/div>\n\t\t\t\t<div class=\"elementor-element elementor-element-7183b09 elementor-widget elementor-widget-image\" data-id=\"7183b09\" data-element_type=\"widget\" data-e-type=\"widget\" data-widget_type=\"image.default\">\n\t\t\t\t<div class=\"elementor-widget-container\">\n\t\t\t\t\t\t\t\t\t\t\t\t\t\t\t\t<a href=\"https:\/\/tumaini-ev.de\/wp-content\/uploads\/2022\/10\/Beitrittserkla\u0308rung.pdf\">\n\t\t\t\t\t\t\t<img fetchpriority=\"high\" decoding=\"async\" width=\"212\" height=\"300\" src=\"https:\/\/tumaini-ev.de\/wp-content\/uploads\/2022\/10\/Beitrittserkla\u0308rung-212x300.png\" class=\"attachment-medium size-medium wp-image-8099\" alt=\"Link zum Download der Beitrittserkl\u00e4rung als PDF\" srcset=\"https:\/\/tumaini-ev.de\/wp-content\/uploads\/2022\/10\/Beitrittserkla\u0308rung-212x300.png 212w, https:\/\/tumaini-ev.de\/wp-content\/uploads\/2022\/10\/Beitrittserkla\u0308rung.png 670w\" sizes=\"(max-width: 212px) 100vw, 212px\" \/>\t\t\t\t\t\t\t\t<\/a>\n\t\t\t\t\t\t\t\t\t\t\t\t\t\t\t<\/div>\n\t\t\t\t<\/div>\n\t\t\t\t\t<\/div>\n\t\t<\/div>\n\t\t\t\t<div class=\"elementor-column elementor-col-50 elementor-top-column elementor-element elementor-element-8744ee3\" data-id=\"8744ee3\" data-element_type=\"column\" data-e-type=\"column\" data-settings=\"{&quot;background_background&quot;:&quot;classic&quot;}\">\n\t\t\t<div class=\"elementor-widget-wrap elementor-element-populated\">\n\t\t\t\t\t\t<div class=\"elementor-element elementor-element-bad76e9 elementor-widget elementor-widget-text-editor\" data-id=\"bad76e9\" data-element_type=\"widget\" data-e-type=\"widget\" data-widget_type=\"text-editor.default\">\n\t\t\t\t<div class=\"elementor-widget-container\">\n\t\t\t\t\t\t\t\t\t<p style=\"text-align: center;\"><a href=\"https:\/\/tumaini-ev.de\/wp-content\/uploads\/2022\/10\/Tumaini-e.V.-Satzung-03.05.2017.pdf\"><span style=\"color: #000000;\">Die Vereinssatzung finden Sie hier.<\/span><\/a><\/p>\t\t\t\t\t\t\t\t<\/div>\n\t\t\t\t<\/div>\n\t\t\t\t<div class=\"elementor-element elementor-element-4aa34a5 elementor-widget elementor-widget-image\" data-id=\"4aa34a5\" data-element_type=\"widget\" data-e-type=\"widget\" data-widget_type=\"image.default\">\n\t\t\t\t<div class=\"elementor-widget-container\">\n\t\t\t\t\t\t\t\t\t\t\t\t\t\t\t\t<a href=\"https:\/\/tumaini-ev.de\/wp-content\/uploads\/2022\/10\/Beitrittserkla\u0308rung.pdf\">\n\t\t\t\t\t\t\t<img decoding=\"async\" width=\"211\" height=\"300\" src=\"https:\/\/tumaini-ev.de\/wp-content\/uploads\/2022\/10\/Satzung-211x300.jpg\" class=\"attachment-medium size-medium wp-image-8431\" alt=\"Download der Vereinssatzung als PDF\" srcset=\"https:\/\/tumaini-ev.de\/wp-content\/uploads\/2022\/10\/Satzung-211x300.jpg 211w, https:\/\/tumaini-ev.de\/wp-content\/uploads\/2022\/10\/Satzung.jpg 671w\" sizes=\"(max-width: 211px) 100vw, 211px\" \/>\t\t\t\t\t\t\t\t<\/a>\n\t\t\t\t\t\t\t\t\t\t\t\t\t\t\t<\/div>\n\t\t\t\t<\/div>\n\t\t\t\t\t<\/div>\n\t\t<\/div>\n\t\t\t\t\t<\/div>\n\t\t<\/section>\n\t\t\t\t<\/div>\n\t\t","protected":false},"excerpt":{"rendered":"<p>Mitglied werden Die Beitrittserkl\u00e4rung bitte ausdrucken, unterschreiben und per Post an Tumaini e.V., Eiffestra\u00dfe 74, 20537 Hamburg oder per Mail an info@tumaini-ev.de senden. Die Beitrittserkl\u00e4rung finden Sie hier. Die Vereinssatzung finden Sie hier.<\/p>\n","protected":false},"author":1,"featured_media":0,"parent":7995,"menu_order":0,"comment_status":"closed","ping_status":"closed","template":"","meta":{"footnotes":""},"class_list":["post-8003","page","type-page","status-publish","hentry"],"_links":{"self":[{"href":"https:\/\/tumaini-ev.de\/index.php?rest_route=\/wp\/v2\/pages\/8003","targetHints":{"allow":["GET"]}}],"collection":[{"href":"https:\/\/tumaini-ev.de\/index.php?rest_route=\/wp\/v2\/pages"}],"about":[{"href":"https:\/\/tumaini-ev.de\/index.php?rest_route=\/wp\/v2\/types\/page"}],"author":[{"embeddable":true,"href":"https:\/\/tumaini-ev.de\/index.php?rest_route=\/wp\/v2\/users\/1"}],"replies":[{"embeddable":true,"href":"https:\/\/tumaini-ev.de\/index.php?rest_route=%2Fwp%2Fv2%2Fcomments&post=8003"}],"version-history":[{"count":109,"href":"https:\/\/tumaini-ev.de\/index.php?rest_route=\/wp\/v2\/pages\/8003\/revisions"}],"predecessor-version":[{"id":14372,"href":"https:\/\/tumaini-ev.de\/index.php?rest_route=\/wp\/v2\/pages\/8003\/revisions\/14372"}],"up":[{"embeddable":true,"href":"https:\/\/tumaini-ev.de\/index.php?rest_route=\/wp\/v2\/pages\/7995"}],"wp:attachment":[{"href":"https:\/\/tumaini-ev.de\/index.php?rest_route=%2Fwp%2Fv2%2Fmedia&parent=8003"}],"curies":[{"name":"wp","href":"https:\/\/api.w.org\/{rel}","templated":true}]}}