{"id":7998,"date":"2022-10-20T18:39:53","date_gmt":"2022-10-20T16:39:53","guid":{"rendered":"https:\/\/tumaini-ev.de\/?page_id=7998"},"modified":"2023-06-11T10:44:44","modified_gmt":"2023-06-11T08:44:44","slug":"mitmachen-hilfe","status":"publish","type":"page","link":"https:\/\/tumaini-ev.de\/?page_id=7998","title":{"rendered":"Ehrenamt \/ Hilfe"},"content":{"rendered":"\t\t<div data-elementor-type=\"wp-page\" data-elementor-id=\"7998\" class=\"elementor elementor-7998\" data-elementor-post-type=\"page\">\n\t\t\t\t\t\t<section class=\"elementor-section elementor-top-section elementor-element elementor-element-da7a78a elementor-section-boxed elementor-section-height-default elementor-section-height-default\" data-id=\"da7a78a\" data-element_type=\"section\" data-e-type=\"section\">\n\t\t\t\t\t\t<div class=\"elementor-container elementor-column-gap-default\">\n\t\t\t\t\t<div class=\"elementor-column elementor-col-100 elementor-top-column elementor-element elementor-element-8a66d14\" data-id=\"8a66d14\" data-element_type=\"column\" data-e-type=\"column\" data-settings=\"{&quot;background_background&quot;:&quot;classic&quot;}\">\n\t\t\t<div class=\"elementor-widget-wrap elementor-element-populated\">\n\t\t\t\t\t\t<div class=\"elementor-element elementor-element-8b9bb5a elementor-widget elementor-widget-heading\" data-id=\"8b9bb5a\" data-element_type=\"widget\" data-e-type=\"widget\" data-widget_type=\"heading.default\">\n\t\t\t\t<div class=\"elementor-widget-container\">\n\t\t\t\t\t<h2 class=\"elementor-heading-title elementor-size-xl\">So k\u00f6nnen Sie Tumaini e.V. unterst\u00fctzen<\/h2>\t\t\t\t<\/div>\n\t\t\t\t<\/div>\n\t\t\t\t<div class=\"elementor-element elementor-element-6cdd84d elementor-widget elementor-widget-spacer\" data-id=\"6cdd84d\" data-element_type=\"widget\" data-e-type=\"widget\" data-widget_type=\"spacer.default\">\n\t\t\t\t<div class=\"elementor-widget-container\">\n\t\t\t\t\t\t\t<div class=\"elementor-spacer\">\n\t\t\t<div class=\"elementor-spacer-inner\"><\/div>\n\t\t<\/div>\n\t\t\t\t\t\t<\/div>\n\t\t\t\t<\/div>\n\t\t\t\t<div class=\"elementor-element elementor-element-095afc2 elementor-widget elementor-widget-text-editor\" data-id=\"095afc2\" data-element_type=\"widget\" data-e-type=\"widget\" data-widget_type=\"text-editor.default\">\n\t\t\t\t<div class=\"elementor-widget-container\">\n\t\t\t\t\t\t\t\t\t<p style=\"text-align: center;\">Unsere Projekte bei\u00a0Tumaini e.V.\u00a0finanzieren wir durch Spenden,\u00a0Mitgliedschaftsbeitr\u00e4ge, Sponsoring und F\u00f6rdermitgliedschaften\u00a0sowie durch die Mitarbeit von ehrenamtlichen Helfern.\u00a0<br \/>Sprechen Sie uns gerne an, wenn Sie Interesse daran haben, unseren\u00a0Verein und unsere Arbeit zu unterst\u00fctzen.\u00a0<\/p><h3 style=\"text-align: center;\">Ehrenamtliche Arbeit bei Tumaini e.V.<\/h3><p style=\"text-align: center;\">Wenn Sie Tumaini e.V. mit einer ehrenamtlichen T\u00e4tigkeiten unterst\u00fctzen m\u00f6chten, freuen wir uns \u00fcber Ihre Mitarbeit unter anderem in folgenden Bereichen:\u00a0<\/p><p style=\"text-align: center;\">\u2022 \u00d6ffentlichkeitsarbeit<\/p><p style=\"text-align: center;\">\u2022 EDV \/ Homepagepflege<\/p><p style=\"text-align: center;\">\u2022 Dolmetscher-T\u00e4tigkeiten, Begleitung als Sprachvermittler<\/p><p style=\"text-align: center;\">\u2022 Grafikarbeiten, beispielsweise Flyergestaltung<\/p><p style=\"text-align: center;\">Wir sind dankbar \u00fcber jeden Helfer, der sich bei uns engagieren\u00a0m\u00f6chte. <br \/>Mehr \u00fcber die ehrenamtliche Arbeit erfahren Sie in einem\u00a0pers\u00f6nlichen Gespr\u00e4ch.\u00a0<\/p>\t\t\t\t\t\t\t\t<\/div>\n\t\t\t\t<\/div>\n\t\t\t\t\t<\/div>\n\t\t<\/div>\n\t\t\t\t\t<\/div>\n\t\t<\/section>\n\t\t\t\t<section class=\"elementor-section elementor-top-section elementor-element elementor-element-063ee2b elementor-section-boxed elementor-section-height-default elementor-section-height-default\" data-id=\"063ee2b\" data-element_type=\"section\" data-e-type=\"section\">\n\t\t\t\t\t\t<div class=\"elementor-container elementor-column-gap-default\">\n\t\t\t\t\t<div class=\"elementor-column elementor-col-100 elementor-top-column elementor-element elementor-element-20a72d8\" data-id=\"20a72d8\" data-element_type=\"column\" data-e-type=\"column\">\n\t\t\t<div class=\"elementor-widget-wrap elementor-element-populated\">\n\t\t\t\t\t\t<div class=\"elementor-element elementor-element-41db7fa elementor-widget elementor-widget-spacer\" data-id=\"41db7fa\" data-element_type=\"widget\" data-e-type=\"widget\" data-widget_type=\"spacer.default\">\n\t\t\t\t<div class=\"elementor-widget-container\">\n\t\t\t\t\t\t\t<div class=\"elementor-spacer\">\n\t\t\t<div class=\"elementor-spacer-inner\"><\/div>\n\t\t<\/div>\n\t\t\t\t\t\t<\/div>\n\t\t\t\t<\/div>\n\t\t\t\t\t<\/div>\n\t\t<\/div>\n\t\t\t\t\t<\/div>\n\t\t<\/section>\n\t\t\t\t<\/div>\n\t\t","protected":false},"excerpt":{"rendered":"<p>So k\u00f6nnen Sie Tumaini e.V. unterst\u00fctzen Unsere Projekte bei\u00a0Tumaini e.V.\u00a0finanzieren wir durch Spenden,\u00a0Mitgliedschaftsbeitr\u00e4ge, Sponsoring und F\u00f6rdermitgliedschaften\u00a0sowie durch die Mitarbeit von ehrenamtlichen Helfern.\u00a0Sprechen Sie uns gerne an, wenn Sie Interesse daran haben, unseren\u00a0Verein und unsere Arbeit zu unterst\u00fctzen.\u00a0 Ehrenamtliche Arbeit bei Tumaini e.V. Wenn Sie Tumaini e.V. mit einer ehrenamtlichen T\u00e4tigkeiten unterst\u00fctzen m\u00f6chten, freuen wir uns&hellip;<\/p>\n","protected":false},"author":1,"featured_media":0,"parent":7995,"menu_order":0,"comment_status":"closed","ping_status":"closed","template":"","meta":{"footnotes":""},"class_list":["post-7998","page","type-page","status-publish","hentry"],"_links":{"self":[{"href":"https:\/\/tumaini-ev.de\/index.php?rest_route=\/wp\/v2\/pages\/7998","targetHints":{"allow":["GET"]}}],"collection":[{"href":"https:\/\/tumaini-ev.de\/index.php?rest_route=\/wp\/v2\/pages"}],"about":[{"href":"https:\/\/tumaini-ev.de\/index.php?rest_route=\/wp\/v2\/types\/page"}],"author":[{"embeddable":true,"href":"https:\/\/tumaini-ev.de\/index.php?rest_route=\/wp\/v2\/users\/1"}],"replies":[{"embeddable":true,"href":"https:\/\/tumaini-ev.de\/index.php?rest_route=%2Fwp%2Fv2%2Fcomments&post=7998"}],"version-history":[{"count":44,"href":"https:\/\/tumaini-ev.de\/index.php?rest_route=\/wp\/v2\/pages\/7998\/revisions"}],"predecessor-version":[{"id":12956,"href":"https:\/\/tumaini-ev.de\/index.php?rest_route=\/wp\/v2\/pages\/7998\/revisions\/12956"}],"up":[{"embeddable":true,"href":"https:\/\/tumaini-ev.de\/index.php?rest_route=\/wp\/v2\/pages\/7995"}],"wp:attachment":[{"href":"https:\/\/tumaini-ev.de\/index.php?rest_route=%2Fwp%2Fv2%2Fmedia&parent=7998"}],"curies":[{"name":"wp","href":"https:\/\/api.w.org\/{rel}","templated":true}]}}