{"id":4052,"date":"2021-12-18T16:40:01","date_gmt":"2021-12-18T15:40:01","guid":{"rendered":"https:\/\/the7.io\/elementor-business\/?page_id=4052"},"modified":"2024-05-08T18:17:15","modified_gmt":"2024-05-08T16:17:15","slug":"projects","status":"publish","type":"page","link":"https:\/\/tumaini-ev.de\/?page_id=4052","title":{"rendered":"Familienassistenz"},"content":{"rendered":"\t\t<div data-elementor-type=\"wp-page\" data-elementor-id=\"4052\" class=\"elementor elementor-4052\" data-elementor-post-type=\"page\">\n\t\t\t\t\t\t<section class=\"elementor-section elementor-top-section elementor-element elementor-element-d8324d6 the7-e-sticky-overlap-yes elementor-section-boxed elementor-section-height-default elementor-section-height-default\" data-id=\"d8324d6\" data-element_type=\"section\" data-e-type=\"section\" data-settings=\"{&quot;sticky&quot;:&quot;top&quot;,&quot;animation&quot;:&quot;none&quot;,&quot;the7_sticky_row_overlap&quot;:&quot;yes&quot;,&quot;sticky_on&quot;:[&quot;desktop&quot;,&quot;tablet_extra&quot;,&quot;tablet&quot;,&quot;mobile&quot;],&quot;sticky_offset&quot;:0,&quot;sticky_effects_offset&quot;:0,&quot;sticky_anchor_link_offset&quot;:0}\">\n\t\t\t\t\t\t<div class=\"elementor-container elementor-column-gap-default\">\n\t\t\t\t\t<div class=\"elementor-column elementor-col-100 elementor-top-column elementor-element elementor-element-92064ee\" data-id=\"92064ee\" data-element_type=\"column\" data-e-type=\"column\">\n\t\t\t<div class=\"elementor-widget-wrap elementor-element-populated\">\n\t\t\t\t\t\t\t<\/div>\n\t\t<\/div>\n\t\t\t\t\t<\/div>\n\t\t<\/section>\n\t\t\t\t<section class=\"elementor-section elementor-top-section elementor-element elementor-element-4fd765c elementor-section-boxed elementor-section-height-default elementor-section-height-default\" data-id=\"4fd765c\" data-element_type=\"section\" data-e-type=\"section\">\n\t\t\t\t\t\t<div class=\"elementor-container elementor-column-gap-default\">\n\t\t\t\t\t<div class=\"elementor-column elementor-col-100 elementor-top-column elementor-element elementor-element-aed6d62\" data-id=\"aed6d62\" data-element_type=\"column\" data-e-type=\"column\">\n\t\t\t<div class=\"elementor-widget-wrap elementor-element-populated\">\n\t\t\t\t\t\t<div class=\"elementor-element elementor-element-a0f32b6 elementor-widget elementor-widget-heading\" data-id=\"a0f32b6\" data-element_type=\"widget\" data-e-type=\"widget\" data-widget_type=\"heading.default\">\n\t\t\t\t<div class=\"elementor-widget-container\">\n\t\t\t\t\t<h2 class=\"elementor-heading-title elementor-size-xl\">Eingliederungshilfe - Familienassistenz (HFbK)<\/h2>\t\t\t\t<\/div>\n\t\t\t\t<\/div>\n\t\t\t\t<div class=\"elementor-element elementor-element-8be65da elementor-widget elementor-widget-text-editor\" data-id=\"8be65da\" data-element_type=\"widget\" data-e-type=\"widget\" data-widget_type=\"text-editor.default\">\n\t\t\t\t<div class=\"elementor-widget-container\">\n\t\t\t\t\t\t\t\t\t<p><strong>Familienassistenz &#8211; \u00a778 Abs. 2 SGB IX<\/strong><\/p><p>Die Familienassistenz ist ein ambulantes p\u00e4dagogisch orientiertes Angebot, das von der Eingliederungshilfe vergeben wird.<\/p><p>Es geht um die F\u00f6rderung von Kindern und Jugendlichen mit einer k\u00f6rperlichen und\/oder geistigen Behinderung. Die Familienassistenz richtet sich an Kinder, Jugendliche und Heranwachsende, die in ihrer Herkunftsfamilie leben und zum Personenkreis nach \u00a799 SGB iX zuzuordnen sind. Es soll soziale Teilhabe erm\u00f6glicht und ein selbstbestimmtes Leben der Kinder und Jugendlichen gef\u00f6rdert werden.<\/p><p>Hilfe zur Selbsthilfe.<br \/>Die Familie erh\u00e4lt eine Unterst\u00fctzung bei der Bew\u00e4ltigung von belastenden Situationen, die aufgrund der \u00adBehinderung des Kindes bzw. Jugendlichen entstehen k\u00f6nnen. Ziel ist es, die Stabilit\u00e4t der Familie zu st\u00e4rken und somit eine station\u00e4re Aufnahme zu vermeiden.<\/p>\t\t\t\t\t\t\t\t<\/div>\n\t\t\t\t<\/div>\n\t\t\t\t<div class=\"elementor-element elementor-element-9c90955 elementor-widget elementor-widget-spacer\" data-id=\"9c90955\" data-element_type=\"widget\" data-e-type=\"widget\" data-widget_type=\"spacer.default\">\n\t\t\t\t<div class=\"elementor-widget-container\">\n\t\t\t\t\t\t\t<div class=\"elementor-spacer\">\n\t\t\t<div class=\"elementor-spacer-inner\"><\/div>\n\t\t<\/div>\n\t\t\t\t\t\t<\/div>\n\t\t\t\t<\/div>\n\t\t\t\t<div class=\"elementor-element elementor-element-07b8a0f elementor-widget elementor-widget-heading\" data-id=\"07b8a0f\" data-element_type=\"widget\" data-e-type=\"widget\" data-widget_type=\"heading.default\">\n\t\t\t\t<div class=\"elementor-widget-container\">\n\t\t\t\t\t<h4 class=\"elementor-heading-title elementor-size-default\">Inhalte der Hilfen k\u00f6nnen sein:<\/h4>\t\t\t\t<\/div>\n\t\t\t\t<\/div>\n\t\t\t\t\t<\/div>\n\t\t<\/div>\n\t\t\t\t\t<\/div>\n\t\t<\/section>\n\t\t\t\t<section class=\"elementor-section elementor-top-section elementor-element elementor-element-4eb6528 elementor-section-boxed elementor-section-height-default elementor-section-height-default\" data-id=\"4eb6528\" data-element_type=\"section\" data-e-type=\"section\">\n\t\t\t\t\t\t<div class=\"elementor-container elementor-column-gap-default\">\n\t\t\t\t\t<div class=\"elementor-column elementor-col-100 elementor-top-column elementor-element elementor-element-9e80f95\" data-id=\"9e80f95\" data-element_type=\"column\" data-e-type=\"column\">\n\t\t\t<div class=\"elementor-widget-wrap\">\n\t\t\t\t\t\t\t<\/div>\n\t\t<\/div>\n\t\t\t\t\t<\/div>\n\t\t<\/section>\n\t\t\t\t<section class=\"elementor-section elementor-top-section elementor-element elementor-element-45925ad elementor-section-boxed elementor-section-height-default elementor-section-height-default\" data-id=\"45925ad\" data-element_type=\"section\" data-e-type=\"section\">\n\t\t\t\t\t\t<div class=\"elementor-container elementor-column-gap-default\">\n\t\t\t\t\t<div class=\"elementor-column elementor-col-100 elementor-top-column elementor-element elementor-element-d21ddd9\" data-id=\"d21ddd9\" data-element_type=\"column\" data-e-type=\"column\">\n\t\t\t<div class=\"elementor-widget-wrap elementor-element-populated\">\n\t\t\t\t\t\t<div class=\"elementor-element elementor-element-0324d92 elementor-widget elementor-widget-text-editor\" data-id=\"0324d92\" data-element_type=\"widget\" data-e-type=\"widget\" data-widget_type=\"text-editor.default\">\n\t\t\t\t<div class=\"elementor-widget-container\">\n\t\t\t\t\t\t\t\t\t<p style=\"text-align: center;\">Wir beraten Sie gerne bei Fragen oder unterst\u00fctzen Sie bei der Antragsstellung<\/p>\t\t\t\t\t\t\t\t<\/div>\n\t\t\t\t<\/div>\n\t\t\t\t\t<\/div>\n\t\t<\/div>\n\t\t\t\t\t<\/div>\n\t\t<\/section>\n\t\t\t\t<section class=\"elementor-section elementor-top-section elementor-element elementor-element-5ac1163 elementor-section-boxed elementor-section-height-default elementor-section-height-default\" data-id=\"5ac1163\" data-element_type=\"section\" data-e-type=\"section\">\n\t\t\t\t\t\t<div class=\"elementor-container elementor-column-gap-default\">\n\t\t\t\t\t<div class=\"elementor-column elementor-col-100 elementor-top-column elementor-element elementor-element-95f8ae8\" data-id=\"95f8ae8\" data-element_type=\"column\" data-e-type=\"column\">\n\t\t\t<div class=\"elementor-widget-wrap elementor-element-populated\">\n\t\t\t\t\t\t<div class=\"elementor-element elementor-element-0c45346 elementor-widget elementor-widget-spacer\" data-id=\"0c45346\" data-element_type=\"widget\" data-e-type=\"widget\" data-widget_type=\"spacer.default\">\n\t\t\t\t<div class=\"elementor-widget-container\">\n\t\t\t\t\t\t\t<div class=\"elementor-spacer\">\n\t\t\t<div class=\"elementor-spacer-inner\"><\/div>\n\t\t<\/div>\n\t\t\t\t\t\t<\/div>\n\t\t\t\t<\/div>\n\t\t\t\t\t<\/div>\n\t\t<\/div>\n\t\t\t\t\t<\/div>\n\t\t<\/section>\n\t\t\t\t<section class=\"elementor-section elementor-top-section elementor-element elementor-element-8000d64 elementor-section-boxed elementor-section-height-default elementor-section-height-default\" data-id=\"8000d64\" data-element_type=\"section\" data-e-type=\"section\">\n\t\t\t\t\t\t<div class=\"elementor-container elementor-column-gap-default\">\n\t\t\t\t\t<div class=\"elementor-column elementor-col-33 elementor-top-column elementor-element elementor-element-76ae114\" data-id=\"76ae114\" data-element_type=\"column\" data-e-type=\"column\">\n\t\t\t<div class=\"elementor-widget-wrap elementor-element-populated\">\n\t\t\t\t\t\t<div class=\"elementor-element elementor-element-d816aea elementor-widget elementor-widget-image\" data-id=\"d816aea\" data-element_type=\"widget\" data-e-type=\"widget\" data-widget_type=\"image.default\">\n\t\t\t\t<div class=\"elementor-widget-container\">\n\t\t\t\t\t\t\t\t\t\t\t\t\t\t\t<img decoding=\"async\" src=\"https:\/\/tumaini-ev.de\/wp-content\/uploads\/elementor\/thumbs\/paar_g-q379fjfkoqfwgdpqkc01x42fzisx7asoctvcmwo778.png\" title=\"\" alt=\"\" loading=\"lazy\" \/>\t\t\t\t\t\t\t\t\t\t\t\t\t\t\t<\/div>\n\t\t\t\t<\/div>\n\t\t\t\t<div class=\"elementor-element elementor-element-fc2d7ef elementor-widget elementor-widget-text-editor\" data-id=\"fc2d7ef\" data-element_type=\"widget\" data-e-type=\"widget\" data-widget_type=\"text-editor.default\">\n\t\t\t\t<div class=\"elementor-widget-container\">\n\t\t\t\t\t\t\t\t\t<p style=\"text-align: center;\">die Sicherstellung der ad\u00e4quaten F\u00f6rderung des \u00adKindes\/Jugendlichen innerhalb der Familie<\/p>\t\t\t\t\t\t\t\t<\/div>\n\t\t\t\t<\/div>\n\t\t\t\t\t<\/div>\n\t\t<\/div>\n\t\t\t\t<div class=\"elementor-column elementor-col-33 elementor-top-column elementor-element elementor-element-cd8c4f4\" data-id=\"cd8c4f4\" data-element_type=\"column\" data-e-type=\"column\">\n\t\t\t<div class=\"elementor-widget-wrap elementor-element-populated\">\n\t\t\t\t\t\t<div class=\"elementor-element elementor-element-4c1a70e elementor-widget elementor-widget-image\" data-id=\"4c1a70e\" data-element_type=\"widget\" data-e-type=\"widget\" data-widget_type=\"image.default\">\n\t\t\t\t<div class=\"elementor-widget-container\">\n\t\t\t\t\t\t\t\t\t\t\t\t\t\t\t<img decoding=\"async\" src=\"https:\/\/tumaini-ev.de\/wp-content\/uploads\/elementor\/thumbs\/trio_g-q379fp2ltqnme1hjneftc2n7ju14hhf2dls9ikfu5w.png\" title=\"\" alt=\"\" loading=\"lazy\" \/>\t\t\t\t\t\t\t\t\t\t\t\t\t\t\t<\/div>\n\t\t\t\t<\/div>\n\t\t\t\t<div class=\"elementor-element elementor-element-5e7d384 elementor-widget elementor-widget-text-editor\" data-id=\"5e7d384\" data-element_type=\"widget\" data-e-type=\"widget\" data-widget_type=\"text-editor.default\">\n\t\t\t\t<div class=\"elementor-widget-container\">\n\t\t\t\t\t\t\t\t\t<p style=\"text-align: center;\">die Entwicklung einer Akzeptanz und eines konstruktiven Umgangs mit der Behinderung und den damit einhergehenden Problematiken innerhalb der Familie<\/p>\t\t\t\t\t\t\t\t<\/div>\n\t\t\t\t<\/div>\n\t\t\t\t\t<\/div>\n\t\t<\/div>\n\t\t\t\t<div class=\"elementor-column elementor-col-33 elementor-top-column elementor-element elementor-element-a4f96f3\" data-id=\"a4f96f3\" data-element_type=\"column\" data-e-type=\"column\">\n\t\t\t<div class=\"elementor-widget-wrap elementor-element-populated\">\n\t\t\t\t\t\t<div class=\"elementor-element elementor-element-1eac217 elementor-widget elementor-widget-image\" data-id=\"1eac217\" data-element_type=\"widget\" data-e-type=\"widget\" data-widget_type=\"image.default\">\n\t\t\t\t<div class=\"elementor-widget-container\">\n\t\t\t\t\t\t\t\t\t\t\t\t\t\t\t<img decoding=\"async\" src=\"https:\/\/tumaini-ev.de\/wp-content\/uploads\/elementor\/thumbs\/charts_g-q379fdsjjq86ipxxh9kai5hof7kpx46ac1yfr8wk8k.png\" title=\"g\" alt=\"g\" loading=\"lazy\" \/>\t\t\t\t\t\t\t\t\t\t\t\t\t\t\t<\/div>\n\t\t\t\t<\/div>\n\t\t\t\t<div class=\"elementor-element elementor-element-daa4b5b elementor-widget elementor-widget-text-editor\" data-id=\"daa4b5b\" data-element_type=\"widget\" data-e-type=\"widget\" data-widget_type=\"text-editor.default\">\n\t\t\t\t<div class=\"elementor-widget-container\">\n\t\t\t\t\t\t\t\t\t<p style=\"text-align: center;\">die Entwicklung einer realistischen Lebensperspektive der \u00adEltern sowie der Kinder\/Jugendlichen<\/p>\t\t\t\t\t\t\t\t<\/div>\n\t\t\t\t<\/div>\n\t\t\t\t\t<\/div>\n\t\t<\/div>\n\t\t\t\t\t<\/div>\n\t\t<\/section>\n\t\t\t\t<section class=\"elementor-section elementor-top-section elementor-element elementor-element-c5f7aec elementor-section-boxed elementor-section-height-default elementor-section-height-default\" data-id=\"c5f7aec\" data-element_type=\"section\" data-e-type=\"section\">\n\t\t\t\t\t\t<div class=\"elementor-container elementor-column-gap-default\">\n\t\t\t\t\t<div class=\"elementor-column elementor-col-33 elementor-top-column elementor-element elementor-element-b36373a\" data-id=\"b36373a\" data-element_type=\"column\" data-e-type=\"column\">\n\t\t\t<div class=\"elementor-widget-wrap elementor-element-populated\">\n\t\t\t\t\t\t<div class=\"elementor-element elementor-element-f1cebee elementor-widget elementor-widget-image\" data-id=\"f1cebee\" data-element_type=\"widget\" data-e-type=\"widget\" data-widget_type=\"image.default\">\n\t\t\t\t<div class=\"elementor-widget-container\">\n\t\t\t\t\t\t\t\t\t\t\t\t\t\t\t<img decoding=\"async\" src=\"https:\/\/tumaini-ev.de\/wp-content\/uploads\/elementor\/thumbs\/Hauswirt_g-q379ffo7xear5xv76adjn50llzbgcidr0b9epstrw4.png\" title=\"\" alt=\"\" loading=\"lazy\" \/>\t\t\t\t\t\t\t\t\t\t\t\t\t\t\t<\/div>\n\t\t\t\t<\/div>\n\t\t\t\t<div class=\"elementor-element elementor-element-5392bd9 elementor-widget elementor-widget-text-editor\" data-id=\"5392bd9\" data-element_type=\"widget\" data-e-type=\"widget\" data-widget_type=\"text-editor.default\">\n\t\t\t\t<div class=\"elementor-widget-container\">\n\t\t\t\t\t\t\t\t\t<p style=\"text-align: center;\">die F\u00f6rderung der Eigenst\u00e4ndigkeit der Kinder\/ Jugendlichen<\/p>\t\t\t\t\t\t\t\t<\/div>\n\t\t\t\t<\/div>\n\t\t\t\t\t<\/div>\n\t\t<\/div>\n\t\t\t\t<div class=\"elementor-column elementor-col-33 elementor-top-column elementor-element elementor-element-da5b685\" data-id=\"da5b685\" data-element_type=\"column\" data-e-type=\"column\">\n\t\t\t<div class=\"elementor-widget-wrap elementor-element-populated\">\n\t\t\t\t\t\t<div class=\"elementor-element elementor-element-a9358c4 elementor-widget elementor-widget-image\" data-id=\"a9358c4\" data-element_type=\"widget\" data-e-type=\"widget\" data-widget_type=\"image.default\">\n\t\t\t\t<div class=\"elementor-widget-container\">\n\t\t\t\t\t\t\t\t\t\t\t\t\t\t\t<img decoding=\"async\" src=\"https:\/\/tumaini-ev.de\/wp-content\/uploads\/elementor\/thumbs\/haende_dia_g-q379fhjwb2dbt5sgvb6ss4jisr26rwl7okkdocqzjo.png\" title=\"\" alt=\"\" loading=\"lazy\" \/>\t\t\t\t\t\t\t\t\t\t\t\t\t\t\t<\/div>\n\t\t\t\t<\/div>\n\t\t\t\t<div class=\"elementor-element elementor-element-bfbbf0a elementor-widget elementor-widget-text-editor\" data-id=\"bfbbf0a\" data-element_type=\"widget\" data-e-type=\"widget\" data-widget_type=\"text-editor.default\">\n\t\t\t\t<div class=\"elementor-widget-container\">\n\t\t\t\t\t\t\t\t\t<p style=\"text-align: center;\">die Entwicklung und St\u00e4rkung <br \/>der sozialen und \u00adAlltagskompetenzen<\/p>\t\t\t\t\t\t\t\t<\/div>\n\t\t\t\t<\/div>\n\t\t\t\t\t<\/div>\n\t\t<\/div>\n\t\t\t\t<div class=\"elementor-column elementor-col-33 elementor-top-column elementor-element elementor-element-eeb2675\" data-id=\"eeb2675\" data-element_type=\"column\" data-e-type=\"column\">\n\t\t\t<div class=\"elementor-widget-wrap elementor-element-populated\">\n\t\t\t\t\t\t<div class=\"elementor-element elementor-element-fc5eb2b elementor-widget elementor-widget-image\" data-id=\"fc5eb2b\" data-element_type=\"widget\" data-e-type=\"widget\" data-widget_type=\"image.default\">\n\t\t\t\t<div class=\"elementor-widget-container\">\n\t\t\t\t\t\t\t\t\t\t\t\t\t\t\t<img decoding=\"async\" src=\"https:\/\/tumaini-ev.de\/wp-content\/uploads\/elementor\/thumbs\/schule_g-q379fhjwb2dbt5sgvb6ss4jisr26rwl7okkdocqzjo.png\" title=\"\" alt=\"\" loading=\"lazy\" \/>\t\t\t\t\t\t\t\t\t\t\t\t\t\t\t<\/div>\n\t\t\t\t<\/div>\n\t\t\t\t<div class=\"elementor-element elementor-element-69a08db elementor-widget elementor-widget-text-editor\" data-id=\"69a08db\" data-element_type=\"widget\" data-e-type=\"widget\" data-widget_type=\"text-editor.default\">\n\t\t\t\t<div class=\"elementor-widget-container\">\n\t\t\t\t\t\t\t\t\t<p style=\"text-align: center;\">die Anbindung an geeignete Angebote im Sozialraum<\/p>\t\t\t\t\t\t\t\t<\/div>\n\t\t\t\t<\/div>\n\t\t\t\t\t<\/div>\n\t\t<\/div>\n\t\t\t\t\t<\/div>\n\t\t<\/section>\n\t\t\t\t<\/div>\n\t\t","protected":false},"excerpt":{"rendered":"<p>Eingliederungshilfe &#8211; Familienassistenz (HFbK) Familienassistenz &#8211; \u00a778 Abs. 2 SGB IX Die Familienassistenz ist ein ambulantes p\u00e4dagogisch orientiertes Angebot, das von der Eingliederungshilfe vergeben wird. Es geht um die F\u00f6rderung von Kindern und Jugendlichen mit einer k\u00f6rperlichen und\/oder geistigen Behinderung. Die Familienassistenz richtet sich an Kinder, Jugendliche und Heranwachsende, die in ihrer Herkunftsfamilie leben und&hellip;<\/p>\n","protected":false},"author":1,"featured_media":0,"parent":6401,"menu_order":60,"comment_status":"closed","ping_status":"closed","template":"","meta":{"footnotes":""},"class_list":["post-4052","page","type-page","status-publish","hentry"],"_links":{"self":[{"href":"https:\/\/tumaini-ev.de\/index.php?rest_route=\/wp\/v2\/pages\/4052","targetHints":{"allow":["GET"]}}],"collection":[{"href":"https:\/\/tumaini-ev.de\/index.php?rest_route=\/wp\/v2\/pages"}],"about":[{"href":"https:\/\/tumaini-ev.de\/index.php?rest_route=\/wp\/v2\/types\/page"}],"author":[{"embeddable":true,"href":"https:\/\/tumaini-ev.de\/index.php?rest_route=\/wp\/v2\/users\/1"}],"replies":[{"embeddable":true,"href":"https:\/\/tumaini-ev.de\/index.php?rest_route=%2Fwp%2Fv2%2Fcomments&post=4052"}],"version-history":[{"count":120,"href":"https:\/\/tumaini-ev.de\/index.php?rest_route=\/wp\/v2\/pages\/4052\/revisions"}],"predecessor-version":[{"id":13310,"href":"https:\/\/tumaini-ev.de\/index.php?rest_route=\/wp\/v2\/pages\/4052\/revisions\/13310"}],"up":[{"embeddable":true,"href":"https:\/\/tumaini-ev.de\/index.php?rest_route=\/wp\/v2\/pages\/6401"}],"wp:attachment":[{"href":"https:\/\/tumaini-ev.de\/index.php?rest_route=%2Fwp%2Fv2%2Fmedia&parent=4052"}],"curies":[{"name":"wp","href":"https:\/\/api.w.org\/{rel}","templated":true}]}}