{"id":3,"date":"2022-05-18T13:13:52","date_gmt":"2022-05-18T11:13:52","guid":{"rendered":"https:\/\/tumaini-ev.de\/?page_id=3"},"modified":"2026-03-26T15:18:37","modified_gmt":"2026-03-26T14:18:37","slug":"datenschutzerklaerung","status":"publish","type":"page","link":"https:\/\/tumaini-ev.de\/?page_id=3","title":{"rendered":"Datenschutzerkl\u00e4rung gGmbH"},"content":{"rendered":"\t\t<div data-elementor-type=\"wp-page\" data-elementor-id=\"3\" class=\"elementor elementor-3\" data-elementor-post-type=\"page\">\n\t\t\t\t\t\t<section class=\"elementor-section elementor-top-section elementor-element elementor-element-560f1cf6 elementor-section-boxed elementor-section-height-default elementor-section-height-default\" data-id=\"560f1cf6\" data-element_type=\"section\" data-e-type=\"section\">\n\t\t\t\t\t\t<div class=\"elementor-container elementor-column-gap-default\">\n\t\t\t\t\t<div class=\"elementor-column elementor-col-100 elementor-top-column elementor-element elementor-element-70469fdc\" data-id=\"70469fdc\" data-element_type=\"column\" data-e-type=\"column\">\n\t\t\t<div class=\"elementor-widget-wrap elementor-element-populated\">\n\t\t\t\t\t\t<div class=\"elementor-element elementor-element-04eefd9 elementor-widget elementor-widget-heading\" data-id=\"04eefd9\" data-element_type=\"widget\" data-e-type=\"widget\" data-widget_type=\"heading.default\">\n\t\t\t\t<div class=\"elementor-widget-container\">\n\t\t\t\t\t<h2 class=\"elementor-heading-title elementor-size-default\">Datenschutzerkl\u00e4rung<\/h2>\t\t\t\t<\/div>\n\t\t\t\t<\/div>\n\t\t\t\t<div class=\"elementor-element elementor-element-4d029a4 elementor-widget elementor-widget-spacer\" data-id=\"4d029a4\" data-element_type=\"widget\" data-e-type=\"widget\" data-widget_type=\"spacer.default\">\n\t\t\t\t<div class=\"elementor-widget-container\">\n\t\t\t\t\t\t\t<div class=\"elementor-spacer\">\n\t\t\t<div class=\"elementor-spacer-inner\"><\/div>\n\t\t<\/div>\n\t\t\t\t\t\t<\/div>\n\t\t\t\t<\/div>\n\t\t\t\t<div class=\"elementor-element elementor-element-2fb65892 elementor-widget__width-auto elementor-widget elementor-widget-text-editor\" data-id=\"2fb65892\" data-element_type=\"widget\" data-e-type=\"widget\" data-widget_type=\"text-editor.default\">\n\t\t\t\t<div class=\"elementor-widget-container\">\n\t\t\t\t\t\t\t\t\t<h5 style=\"text-align: left;\" align=\"center\">\u00a71<br \/>Information \u00fcber die Erhebung<br \/>personenbezogener Daten<\/h5><p class=\"einzug\"><span style=\"mso-list: Ignore;\">(1)\u00a0\u00a0\u00a0\u00a0<\/span>Im Folgenden informieren wir \u00fcber die Verarbeitung personenbezogener Daten bei Nutzung unserer Website. Personenbezogene Daten sind alle Daten, die auf Sie pers\u00f6nlich beziehbar sind, z.B. Name, Adresse, E-Mail-Adressen, Nutzerverhalten. Dadurch m\u00f6chten wir Sie \u00fcber unsere Verarbeitungsvorg\u00e4nge informieren und zugleich den gesetzlichen Pflichten, insbesondere aus der EU-Datenschutz-Grundverordnung (DS-GVO) nachkommen.<\/p><p class=\"einzug\"><span style=\"mso-list: Ignore;\">(2)\u00a0\u00a0\u00a0\u00a0<\/span>Verantwortlicher gem. Art.\u00a04 Abs.\u00a07 DS-GVO ist:<\/p><p class=\"einzug_1\"><b>Tumaini gemeinn\u00fctzige GmbH<\/b><\/p><p class=\"einzug_1\">Eiffestr. 74<\/p><p class=\"einzug_1\">20537 Hamburg<\/p><p class=\"einzug_1\">Tel.: +49 40 254 189 73<\/p><p class=\"einzug_1\">E-Mail: <a href=\"mailto:info@tumaini-ev.de\">info@tumaini-ev.de<\/a><\/p><p>Unseren Datenschutzbeauftragten erreichen Sie unter:<\/p><p class=\"einzug_1\"><br \/>Dr. Ralf G\u00fcstel<\/p><p class=\"einzug_1\">Gem.DataSecure GmbH Wirtschaftspr\u00fcfungsgesellschaft<\/p><p class=\"einzug_1\">E-Mail: <a href=\"mailto:DataSecure@gem-gruppe.de\">DataSecure@gem-gruppe.de<\/a><\/p><p>\u00a0<\/p><p class=\"einzug\"><span style=\"mso-list: Ignore;\">(3)\u00a0\u00a0\u00a0 <\/span>Bei Ihrer Kontaktaufnahme mit uns per E-Mail oder \u00fcber unser Kontaktformular werden die von Ihnen mitgeteilten Daten (Ihre E-Mail-Adresse, ggf. Ihr Name und Ihre Telefonnummer) von uns gespeichert, um Ihre Fragen zu beantworten. Die in diesem Zusammenhang anfallenden Daten l\u00f6schen wir, falls die Anfrage einem Vertrag zugeordnet wird, nach den Fristen zur Vertragslaufzeit, ansonsten nachdem die Speicherung nicht mehr erforderlich ist, oder schr\u00e4nken die Verarbeitung ein, falls gesetzliche Aufbewahrungspflichten bestehen.<\/p><p class=\"einzug\"><span style=\"mso-list: Ignore;\">(4)\u00a0\u00a0\u00a0 <\/span>Falls wir f\u00fcr einzelne Funktionen unseres Angebots auf beauftragte Dienstleister zur\u00fcckgreifen oder Ihre Daten f\u00fcr werbliche Zwecke nutzen m\u00f6chten, werden wir diese Dienstleister stets sorgf\u00e4ltig ausw\u00e4hlen und \u00fcberwachen und informieren Sie untenstehend im Detail \u00fcber die jeweiligen Vorg\u00e4nge. Dabei nennen wir auch die festgelegten Kriterien der Speicherdauer<\/p><p class=\"einzug\"><span style=\"mso-list: Ignore;\">(5)\u00a0 \u00a0 <\/span>Um unberechtigte Zugriffe Dritter auf Ihre pers\u00f6nlichen Daten, zu verhindern, wird die Verbindung verschl\u00fcsselt.<\/p><h5 style=\"text-align: left;\" align=\"center\">\u00a7 2<br \/>Ihre Rechte<\/h5><p class=\"einzug\"><span style=\"mso-list: Ignore;\">(1)\u00a0\u00a0\u00a0 <\/span>Sie haben gegen\u00fcber einem Verantwortlichen folgende Rechte hinsichtlich der Sie betreffenden personenbezogenen Daten:<\/p><p>\u2013\u00a0\u00a0\u00a0\u00a0\u00a0\u00a0Recht auf Auskunft,<\/p><p>\u2013\u00a0\u00a0\u00a0\u00a0\u00a0\u00a0Recht auf Berichtigung oder L\u00f6schung,<\/p><p>\u2013\u00a0\u00a0\u00a0\u00a0\u00a0\u00a0Recht auf Einschr\u00e4nkung der Verarbeitung,<\/p><p>\u2013\u00a0\u00a0\u00a0\u00a0\u00a0\u00a0Recht auf Widerspruch gegen die Verarbeitung,<\/p><p>\u2013\u00a0\u00a0\u00a0\u00a0\u00a0\u00a0Recht auf Daten\u00fcbertragbarkeit.<\/p><p class=\"einzug\"><span style=\"mso-list: Ignore;\">(2)\u00a0\u00a0\u00a0\u00a0<\/span>Sie haben zudem das Recht, sich bei einer Datenschutz-Aufsichtsbeh\u00f6rde \u00fcber die Verarbeitung Ihrer personenbezogenen Daten durch uns zu beschweren.<\/p><h5 style=\"text-align: left;\" align=\"center\">\u00a7 3<br \/>Verarbeitung personenbezogener Daten<br \/>bei Besuch unserer Website<\/h5><p class=\"einzug\">&gt;<span style=\"mso-list: Ignore;\">(1)\u00a0\u00a0\u00a0 Bei der informatorischen Nutzung der Website, also der blo\u00dfen Betrachtung ohne eine Registrierung und ohne dass Sie uns anderweitig Informationen mitteilen, verarbeiten wir die personenbezogenen Daten, die Ihr Browser an unseren Server \u00fcbermittelt. Die nachfolgend beschriebenen Daten sind f\u00fcr uns technisch erforderlich, um Ihnen unsere Website anzuzeigen und die Stabilit\u00e4t und Sicherheit zu gew\u00e4hrleisten und m\u00fcssen daher von uns verarbeitet werden. Rechtsgrundlage ist Art.\u00a06 Abs.\u00a01 S.\u00a01 lit. f DS-GVO:<\/span><\/p><p>\u2013\u00a0\u00a0\u00a0\u00a0\u00a0\u00a0IP-Adresse<\/p><p>\u2013\u00a0\u00a0\u00a0\u00a0\u00a0\u00a0Datum und Uhrzeit der Anfrage<\/p><p>\u2013\u00a0\u00a0\u00a0\u00a0\u00a0\u00a0Zeitzonendifferenz zur Greenwich Mean Time (GMT)<\/p><p>\u2013\u00a0\u00a0\u00a0\u00a0\u00a0\u00a0Inhalt der Anforderung (besuchte Seite)<\/p><p>\u2013\u00a0\u00a0\u00a0\u00a0\u00a0\u00a0Zugriffsstatus\/HTTP-Statuscode<\/p><p>\u2013\u00a0\u00a0\u00a0\u00a0\u00a0\u00a0jeweils \u00fcbertragene Datenmenge<\/p><p>\u2013\u00a0\u00a0\u00a0\u00a0\u00a0\u00a0vorher besuchte Seite<\/p><p>\u2013\u00a0\u00a0\u00a0\u00a0\u00a0\u00a0Browser<\/p><p>\u2013\u00a0\u00a0\u00a0\u00a0\u00a0\u00a0Betriebssystem<\/p><p>\u2013\u00a0\u00a0\u00a0\u00a0\u00a0\u00a0Sprache und Version der Browsersoftware.<\/p><p class=\"einzug\"><span style=\"mso-list: Ignore;\">(2)\u00a0\u00a0\u00a0\u00a0<\/span>Ihre IP-Adresse wird im Rahmen eines Log-Protokolls f\u00fcr maximal 3 Monate gespeichert, danach automatisiert gel\u00f6scht. Bei der Nutzung dieser allgemeinen Daten und Informationen ziehen wir keine R\u00fcckschl\u00fcsse auf Sie. Die Daten der Server-Logfiles werden getrennt von allen durch Sie angegebenen personenbezogenen Daten gespeichert.<\/p><h5 style=\"text-align: left;\" align=\"center\">\u00a7 4<br \/>Weitere Funktionen und Angebote unserer Website<\/h5><p style=\"text-indent: -28.9pt;\"><span style=\"mso-list: Ignore;\">1)\u00a0\u00a0\u00a0 <\/span>Neben der rein informatorischen Nutzung unserer Website bieten wir verschiedene Leistungen an, die Sie bei Interesse nutzen k\u00f6nnen und verwenden weitere \u00fcbliche Funktionen zu Analyse oder Vermarktung unserer Angebote, die nachfolgend n\u00e4her vorgestellt werden. Dazu m\u00fcssen Sie in der Regel weitere personenbezogene Daten angeben bzw. wir verarbeiten solche weiteren Daten, die wir zur Durchf\u00fchrung der jeweiligen Leistungen nutzen. F\u00fcr alle hier beschriebenen Datenverarbeitungszwecke gelten die zuvor genannten Grunds\u00e4tze zur Datenverarbeitung.<\/p><p class=\"einzug\"><span style=\"mso-list: Ignore;\">(2)\u00a0\u00a0\u00a0\u00a0<\/span>Teilweise bedienen wir uns zur Verarbeitung Ihrer Daten externer Dienstleister. Diese werden von uns sorgf\u00e4ltig ausgew\u00e4hlt, sind an unsere Weisungen gebunden und werden regelm\u00e4\u00dfig kontrolliert.<\/p><p class=\"einzug\"><span style=\"mso-list: Ignore;\">(3)\u00a0\u00a0\u00a0\u00a0<\/span>Weiterhin k\u00f6nnen wir Ihre personenbezogenen Daten an Dritte weitergeben, wenn Aktionsteilnahmen, Gewinnspiele, Vertragsabschl\u00fcsse oder \u00e4hnliche Leistungen von uns gemeinsam mit Partnern angeboten werden. Je nach Leistung k\u00f6nnen Ihre Daten auch in eigener Verantwortung von den Partnern erhoben werden. N\u00e4here Informationen erhalten Sie bei Angabe Ihrer Daten oder untenstehend in der Beschreibung der jeweiligen Angebote.<\/p><p class=\"einzug\"><span style=\"mso-list: Ignore;\">(4)\u00a0\u00a0\u00a0\u00a0<\/span>Soweit unsere Dienstleister oder Partner ihren Sitz in einem Staat au\u00dferhalb des Europ\u00e4ischen Wirtschaftsraums (EWR) haben, informieren wir Sie \u00fcber die Folgen dieses Umstands in der Beschreibung des Angebotes.<\/p><h5 style=\"text-align: left;\" align=\"center\">\u00a7 5<br \/>Widerspruch oder Widerruf gegen<br \/>die Verarbeitung Ihrer Daten<\/h5><p class=\"einzug\"><span style=\"mso-list: Ignore;\">(1)\u00a0\u00a0\u00a0 <\/span>Falls Sie eine Einwilligung zur Verarbeitung Ihrer Daten erteilt haben, k\u00f6nnen Sie diese jederzeit widerrufen. Ein solcher Widerruf beeinflusst die Zul\u00e4ssigkeit der Verarbeitung Ihrer personenbezogenen Daten, nachdem Sie ihn gegen\u00fcber uns ausgesprochen haben. Die Zul\u00e4ssigkeit der Verarbeitung Ihrer Daten bis zum Zeitpunkt Ihres Widerrufs bleibt unber\u00fchrt.<\/p><p class=\"einzug\"><span style=\"mso-list: Ignore;\">(2)\u00a0\u00a0\u00a0\u00a0<\/span>Soweit wir die Verarbeitung Ihrer personenbezogenen Daten auf die Interessenabw\u00e4gung st\u00fctzen, k\u00f6nnen Sie Widerspruch gegen die Verarbeitung einlegen. Dies ist der Fall, wenn die Verarbeitung insbesondere nicht zur Erf\u00fcllung eines Vertrags mit Ihnen erforderlich ist, was von uns jeweils bei der nachfolgenden Beschreibung der Funktionen dargestellt wird. Bei Aus\u00fcbung eines solchen Widerspruchs bitten wir um Darlegung der Gr\u00fcnde, weshalb wir Ihre personenbezogenen Daten nicht so, wie von uns durchgef\u00fchrt, verarbeiten sollen. Im Falle Ihres Widerspruchs pr\u00fcfen wir die Sachlage und werden entweder die Datenverarbeitung einstellen bzw. anpassen oder Ihnen unsere zwingenden schutzw\u00fcrdigen Gr\u00fcnde aufzeigen, aufgrund derer wir die Verarbeitung fortf\u00fchren.<\/p><p class=\"einzug\"><span style=\"mso-list: Ignore;\">(3)\u00a0\u00a0\u00a0\u00a0<\/span>Selbstverst\u00e4ndlich k\u00f6nnen Sie der Verarbeitung Ihrer personenbezogenen Daten f\u00fcr Zwecke der Werbung und Datenanalyse jederzeit widersprechen. Ihren Werbewiderspruch k\u00f6nnen Sie uns am besten unter den oben angegebenen Kontaktdaten aus\u00fcben.<\/p>\t\t\t\t\t\t\t\t<\/div>\n\t\t\t\t<\/div>\n\t\t\t\t<div class=\"elementor-element elementor-element-2f8ec38 elementor-widget elementor-widget-spacer\" data-id=\"2f8ec38\" data-element_type=\"widget\" data-e-type=\"widget\" data-widget_type=\"spacer.default\">\n\t\t\t\t<div class=\"elementor-widget-container\">\n\t\t\t\t\t\t\t<div class=\"elementor-spacer\">\n\t\t\t<div class=\"elementor-spacer-inner\"><\/div>\n\t\t<\/div>\n\t\t\t\t\t\t<\/div>\n\t\t\t\t<\/div>\n\t\t\t\t\t<\/div>\n\t\t<\/div>\n\t\t\t\t\t<\/div>\n\t\t<\/section>\n\t\t\t\t<\/div>\n\t\t","protected":false},"excerpt":{"rendered":"<p>Datenschutzerkl\u00e4rung \u00a71Information \u00fcber die Erhebungpersonenbezogener Daten (1)\u00a0\u00a0\u00a0\u00a0Im Folgenden informieren wir \u00fcber die Verarbeitung personenbezogener Daten bei Nutzung unserer Website. Personenbezogene Daten sind alle Daten, die auf Sie pers\u00f6nlich beziehbar sind, z.B. Name, Adresse, E-Mail-Adressen, Nutzerverhalten. Dadurch m\u00f6chten wir Sie \u00fcber unsere Verarbeitungsvorg\u00e4nge informieren und zugleich den gesetzlichen Pflichten, insbesondere aus der EU-Datenschutz-Grundverordnung (DS-GVO) nachkommen. (2)\u00a0\u00a0\u00a0\u00a0Verantwortlicher&hellip;<\/p>\n","protected":false},"author":1,"featured_media":0,"parent":6401,"menu_order":0,"comment_status":"closed","ping_status":"closed","template":"elementor_theme","meta":{"footnotes":""},"class_list":["post-3","page","type-page","status-publish","hentry"],"_links":{"self":[{"href":"https:\/\/tumaini-ev.de\/index.php?rest_route=\/wp\/v2\/pages\/3","targetHints":{"allow":["GET"]}}],"collection":[{"href":"https:\/\/tumaini-ev.de\/index.php?rest_route=\/wp\/v2\/pages"}],"about":[{"href":"https:\/\/tumaini-ev.de\/index.php?rest_route=\/wp\/v2\/types\/page"}],"author":[{"embeddable":true,"href":"https:\/\/tumaini-ev.de\/index.php?rest_route=\/wp\/v2\/users\/1"}],"replies":[{"embeddable":true,"href":"https:\/\/tumaini-ev.de\/index.php?rest_route=%2Fwp%2Fv2%2Fcomments&post=3"}],"version-history":[{"count":99,"href":"https:\/\/tumaini-ev.de\/index.php?rest_route=\/wp\/v2\/pages\/3\/revisions"}],"predecessor-version":[{"id":14378,"href":"https:\/\/tumaini-ev.de\/index.php?rest_route=\/wp\/v2\/pages\/3\/revisions\/14378"}],"up":[{"embeddable":true,"href":"https:\/\/tumaini-ev.de\/index.php?rest_route=\/wp\/v2\/pages\/6401"}],"wp:attachment":[{"href":"https:\/\/tumaini-ev.de\/index.php?rest_route=%2Fwp%2Fv2%2Fmedia&parent=3"}],"curies":[{"name":"wp","href":"https:\/\/api.w.org\/{rel}","templated":true}]}}