{"id":13075,"date":"2023-06-11T18:36:46","date_gmt":"2023-06-11T16:36:46","guid":{"rendered":"https:\/\/tumaini-ev.de\/?page_id=13075"},"modified":"2023-06-11T18:49:44","modified_gmt":"2023-06-11T16:49:44","slug":"foerderer-sponsoren","status":"publish","type":"page","link":"https:\/\/tumaini-ev.de\/?page_id=13075","title":{"rendered":"F\u00f6rderer \/ Sponsoren"},"content":{"rendered":"\t\t<div data-elementor-type=\"wp-page\" data-elementor-id=\"13075\" class=\"elementor elementor-13075\" data-elementor-post-type=\"page\">\n\t\t\t\t\t\t<section class=\"elementor-section elementor-top-section elementor-element elementor-element-2036d82 elementor-section-boxed elementor-section-height-default elementor-section-height-default\" data-id=\"2036d82\" data-element_type=\"section\" data-e-type=\"section\">\n\t\t\t\t\t\t<div class=\"elementor-container elementor-column-gap-default\">\n\t\t\t\t\t<div class=\"elementor-column elementor-col-100 elementor-top-column elementor-element elementor-element-9aeb0fc\" data-id=\"9aeb0fc\" data-element_type=\"column\" data-e-type=\"column\" data-settings=\"{&quot;background_background&quot;:&quot;classic&quot;}\">\n\t\t\t<div class=\"elementor-widget-wrap elementor-element-populated\">\n\t\t\t\t\t\t<div class=\"elementor-element elementor-element-af6c1bd elementor-widget elementor-widget-heading\" data-id=\"af6c1bd\" data-element_type=\"widget\" data-e-type=\"widget\" data-widget_type=\"heading.default\">\n\t\t\t\t<div class=\"elementor-widget-container\">\n\t\t\t\t\t<h2 class=\"elementor-heading-title elementor-size-xl\">Wir danken den F\u00f6rderern und Sponsoren von Tumaini e.V. f\u00fcr Ihre Unterst\u00fctzung<\/h2>\t\t\t\t<\/div>\n\t\t\t\t<\/div>\n\t\t\t\t<div class=\"elementor-element elementor-element-3de43b6 elementor-widget elementor-widget-image\" data-id=\"3de43b6\" data-element_type=\"widget\" data-e-type=\"widget\" data-widget_type=\"image.default\">\n\t\t\t\t<div class=\"elementor-widget-container\">\n\t\t\t\t\t\t\t\t\t\t\t\t\t\t\t<img decoding=\"async\" width=\"300\" height=\"156\" src=\"https:\/\/tumaini-ev.de\/wp-content\/uploads\/2023\/06\/Bildschirmfoto-2019-09-10-um-12.54.30-300x156.jpg\" class=\"attachment-medium size-medium wp-image-13084\" alt=\"\" srcset=\"https:\/\/tumaini-ev.de\/wp-content\/uploads\/2023\/06\/Bildschirmfoto-2019-09-10-um-12.54.30-300x156.jpg 300w, https:\/\/tumaini-ev.de\/wp-content\/uploads\/2023\/06\/Bildschirmfoto-2019-09-10-um-12.54.30.jpg 446w\" sizes=\"(max-width: 300px) 100vw, 300px\" \/>\t\t\t\t\t\t\t\t\t\t\t\t\t\t\t<\/div>\n\t\t\t\t<\/div>\n\t\t\t\t<div class=\"elementor-element elementor-element-acb1999 elementor-widget elementor-widget-image\" data-id=\"acb1999\" data-element_type=\"widget\" data-e-type=\"widget\" data-widget_type=\"image.default\">\n\t\t\t\t<div class=\"elementor-widget-container\">\n\t\t\t\t\t\t\t\t\t\t\t\t\t\t\t<img decoding=\"async\" width=\"300\" height=\"155\" src=\"https:\/\/tumaini-ev.de\/wp-content\/uploads\/2023\/06\/Bildschirmfoto-2019-09-10-um-12.54.49-300x155.jpg\" class=\"attachment-medium size-medium wp-image-13080\" alt=\"\" srcset=\"https:\/\/tumaini-ev.de\/wp-content\/uploads\/2023\/06\/Bildschirmfoto-2019-09-10-um-12.54.49-300x155.jpg 300w, https:\/\/tumaini-ev.de\/wp-content\/uploads\/2023\/06\/Bildschirmfoto-2019-09-10-um-12.54.49.jpg 484w\" sizes=\"(max-width: 300px) 100vw, 300px\" \/>\t\t\t\t\t\t\t\t\t\t\t\t\t\t\t<\/div>\n\t\t\t\t<\/div>\n\t\t\t\t<div class=\"elementor-element elementor-element-c34ee9e elementor-widget elementor-widget-image\" data-id=\"c34ee9e\" data-element_type=\"widget\" data-e-type=\"widget\" data-widget_type=\"image.default\">\n\t\t\t\t<div class=\"elementor-widget-container\">\n\t\t\t\t\t\t\t\t\t\t\t\t\t\t\t<img decoding=\"async\" width=\"300\" height=\"116\" src=\"https:\/\/tumaini-ev.de\/wp-content\/uploads\/2023\/06\/Bildschirmfoto-2019-10-22-um-11.40.48-300x116.jpg\" class=\"attachment-medium size-medium wp-image-13082\" alt=\"\" srcset=\"https:\/\/tumaini-ev.de\/wp-content\/uploads\/2023\/06\/Bildschirmfoto-2019-10-22-um-11.40.48-300x116.jpg 300w, https:\/\/tumaini-ev.de\/wp-content\/uploads\/2023\/06\/Bildschirmfoto-2019-10-22-um-11.40.48-1024x397.jpg 1024w, https:\/\/tumaini-ev.de\/wp-content\/uploads\/2023\/06\/Bildschirmfoto-2019-10-22-um-11.40.48-768x297.jpg 768w, https:\/\/tumaini-ev.de\/wp-content\/uploads\/2023\/06\/Bildschirmfoto-2019-10-22-um-11.40.48-1536x595.jpg 1536w, https:\/\/tumaini-ev.de\/wp-content\/uploads\/2023\/06\/Bildschirmfoto-2019-10-22-um-11.40.48.jpg 1580w\" sizes=\"(max-width: 300px) 100vw, 300px\" \/>\t\t\t\t\t\t\t\t\t\t\t\t\t\t\t<\/div>\n\t\t\t\t<\/div>\n\t\t\t\t<div class=\"elementor-element elementor-element-a5a90b6 elementor-widget elementor-widget-image\" data-id=\"a5a90b6\" data-element_type=\"widget\" data-e-type=\"widget\" data-widget_type=\"image.default\">\n\t\t\t\t<div class=\"elementor-widget-container\">\n\t\t\t\t\t\t\t\t\t\t\t\t\t\t\t<img loading=\"lazy\" decoding=\"async\" width=\"300\" height=\"166\" src=\"https:\/\/tumaini-ev.de\/wp-content\/uploads\/2023\/06\/Bildschirmfoto-2019-10-22-um-11.42.04-300x166.jpg\" class=\"attachment-medium size-medium wp-image-13081\" alt=\"\" srcset=\"https:\/\/tumaini-ev.de\/wp-content\/uploads\/2023\/06\/Bildschirmfoto-2019-10-22-um-11.42.04-300x166.jpg 300w, https:\/\/tumaini-ev.de\/wp-content\/uploads\/2023\/06\/Bildschirmfoto-2019-10-22-um-11.42.04.jpg 590w\" sizes=\"(max-width: 300px) 100vw, 300px\" \/>\t\t\t\t\t\t\t\t\t\t\t\t\t\t\t<\/div>\n\t\t\t\t<\/div>\n\t\t\t\t<div class=\"elementor-element elementor-element-fe11f40 elementor-widget elementor-widget-image\" data-id=\"fe11f40\" data-element_type=\"widget\" data-e-type=\"widget\" data-widget_type=\"image.default\">\n\t\t\t\t<div class=\"elementor-widget-container\">\n\t\t\t\t\t\t\t\t\t\t\t\t\t\t\t<img loading=\"lazy\" decoding=\"async\" width=\"300\" height=\"83\" src=\"https:\/\/tumaini-ev.de\/wp-content\/uploads\/2023\/06\/LucyWanjiku_xt2_03072019-Kopie-300x83.png\" class=\"attachment-medium size-medium wp-image-13083\" alt=\"\" srcset=\"https:\/\/tumaini-ev.de\/wp-content\/uploads\/2023\/06\/LucyWanjiku_xt2_03072019-Kopie-300x83.png 300w, https:\/\/tumaini-ev.de\/wp-content\/uploads\/2023\/06\/LucyWanjiku_xt2_03072019-Kopie-1024x283.png 1024w, https:\/\/tumaini-ev.de\/wp-content\/uploads\/2023\/06\/LucyWanjiku_xt2_03072019-Kopie-768x212.png 768w, https:\/\/tumaini-ev.de\/wp-content\/uploads\/2023\/06\/LucyWanjiku_xt2_03072019-Kopie-1536x425.png 1536w, https:\/\/tumaini-ev.de\/wp-content\/uploads\/2023\/06\/LucyWanjiku_xt2_03072019-Kopie-2048x567.png 2048w\" sizes=\"(max-width: 300px) 100vw, 300px\" \/>\t\t\t\t\t\t\t\t\t\t\t\t\t\t\t<\/div>\n\t\t\t\t<\/div>\n\t\t\t\t<div class=\"elementor-element elementor-element-2e876af elementor-widget elementor-widget-spacer\" data-id=\"2e876af\" data-element_type=\"widget\" data-e-type=\"widget\" data-widget_type=\"spacer.default\">\n\t\t\t\t<div class=\"elementor-widget-container\">\n\t\t\t\t\t\t\t<div class=\"elementor-spacer\">\n\t\t\t<div class=\"elementor-spacer-inner\"><\/div>\n\t\t<\/div>\n\t\t\t\t\t\t<\/div>\n\t\t\t\t<\/div>\n\t\t\t\t\t<\/div>\n\t\t<\/div>\n\t\t\t\t\t<\/div>\n\t\t<\/section>\n\t\t\t\t<\/div>\n\t\t","protected":false},"excerpt":{"rendered":"<p>Wir danken den F\u00f6rderern und Sponsoren von Tumaini e.V. f\u00fcr Ihre Unterst\u00fctzung<\/p>\n","protected":false},"author":1,"featured_media":0,"parent":7995,"menu_order":0,"comment_status":"closed","ping_status":"closed","template":"","meta":{"footnotes":""},"class_list":["post-13075","page","type-page","status-publish","hentry"],"_links":{"self":[{"href":"https:\/\/tumaini-ev.de\/index.php?rest_route=\/wp\/v2\/pages\/13075","targetHints":{"allow":["GET"]}}],"collection":[{"href":"https:\/\/tumaini-ev.de\/index.php?rest_route=\/wp\/v2\/pages"}],"about":[{"href":"https:\/\/tumaini-ev.de\/index.php?rest_route=\/wp\/v2\/types\/page"}],"author":[{"embeddable":true,"href":"https:\/\/tumaini-ev.de\/index.php?rest_route=\/wp\/v2\/users\/1"}],"replies":[{"embeddable":true,"href":"https:\/\/tumaini-ev.de\/index.php?rest_route=%2Fwp%2Fv2%2Fcomments&post=13075"}],"version-history":[{"count":16,"href":"https:\/\/tumaini-ev.de\/index.php?rest_route=\/wp\/v2\/pages\/13075\/revisions"}],"predecessor-version":[{"id":13098,"href":"https:\/\/tumaini-ev.de\/index.php?rest_route=\/wp\/v2\/pages\/13075\/revisions\/13098"}],"up":[{"embeddable":true,"href":"https:\/\/tumaini-ev.de\/index.php?rest_route=\/wp\/v2\/pages\/7995"}],"wp:attachment":[{"href":"https:\/\/tumaini-ev.de\/index.php?rest_route=%2Fwp%2Fv2%2Fmedia&parent=13075"}],"curies":[{"name":"wp","href":"https:\/\/api.w.org\/{rel}","templated":true}]}}