{"id":13029,"date":"2023-06-11T18:03:20","date_gmt":"2023-06-11T16:03:20","guid":{"rendered":"https:\/\/tumaini-ev.de\/?page_id=13029"},"modified":"2023-06-11T18:26:48","modified_gmt":"2023-06-11T16:26:48","slug":"inklusion","status":"publish","type":"page","link":"https:\/\/tumaini-ev.de\/?page_id=13029","title":{"rendered":"Inklusion"},"content":{"rendered":"\t\t<div data-elementor-type=\"wp-page\" data-elementor-id=\"13029\" class=\"elementor elementor-13029\" data-elementor-post-type=\"page\">\n\t\t\t\t\t\t<section class=\"elementor-section elementor-top-section elementor-element elementor-element-60a7f4d elementor-section-boxed elementor-section-height-default elementor-section-height-default\" data-id=\"60a7f4d\" data-element_type=\"section\" data-e-type=\"section\">\n\t\t\t\t\t\t<div class=\"elementor-container elementor-column-gap-default\">\n\t\t\t\t\t<div class=\"elementor-column elementor-col-100 elementor-top-column elementor-element elementor-element-a9d02bb\" data-id=\"a9d02bb\" data-element_type=\"column\" data-e-type=\"column\" data-settings=\"{&quot;background_background&quot;:&quot;classic&quot;}\">\n\t\t\t<div class=\"elementor-widget-wrap elementor-element-populated\">\n\t\t\t\t\t\t<div class=\"elementor-element elementor-element-b4a5fe8 elementor-widget elementor-widget-heading\" data-id=\"b4a5fe8\" data-element_type=\"widget\" data-e-type=\"widget\" data-widget_type=\"heading.default\">\n\t\t\t\t<div class=\"elementor-widget-container\">\n\t\t\t\t\t<h2 class=\"elementor-heading-title elementor-size-xl\">Inklusion  \n \u2013 f\u00fcr ein Miteinander\u200b<\/h2>\t\t\t\t<\/div>\n\t\t\t\t<\/div>\n\t\t\t\t<div class=\"elementor-element elementor-element-ddd269a elementor-widget elementor-widget-text-editor\" data-id=\"ddd269a\" data-element_type=\"widget\" data-e-type=\"widget\" data-widget_type=\"text-editor.default\">\n\t\t\t\t<div class=\"elementor-widget-container\">\n\t\t\t\t\t\t\t\t\t<h4 style=\"text-align: center;\"><strong>Jeder Mensch geh\u00f6rt dazu. Unabh\u00e4ngig davon, wie er aussieht, welche Sprache er spricht oder ob er eine Behinderung hat.\u00a0<\/strong><\/h4><p><strong>Inklusion<\/strong> ist heutzutage ein viel diskutierter Begriff. Doch was genau bedeutet er eigentlich? Zun\u00e4chst der Ursprung: <strong>Inklusion<\/strong> stammt vom lateinischen Wort inclusio ab, was so viel bedeutet wie &#8222;Ein\u00adschluss&#8220;. Es geht bei <strong>Inklusion<\/strong> also darum, Men\u00adschen in die Gesellschaft einzubinden. Dabei zielt eine gelungene <strong>Inklusion<\/strong> in erster Linie darauf ab, Menschen mit Behinderung in das soziale Gef\u00fcge einzubinden.<\/p><p>So hat im Jahr 2008 die UN Behindertenrechtskonvention <strong>Inklusion<\/strong> als Menschenrecht f\u00fcr Menschen mit Behinderung erkl\u00e4rt. Hierbei gilt als oberstes Bestreben, ein m\u00f6glichst selbstbestimmtes Leben zu gew\u00e4hrleisten. Bedeutet: Die Umwelt soll bestenfalls so eingerichtet sein, dass alle Menschen gleichberechtigt leben k\u00f6nnen \u2013 ob mit oder ohne Behinderung.<\/p><p><strong>Inklusion<\/strong> hei\u00dft aber auch, sich einlassen. Denn nur wenn Betroffene bereit sind, positive Perspektiven zu entwickeln und neue Wege zu gehen, kann <strong>Inklusion <\/strong>gelingen. Hilfesuchende m\u00fcssen Vertrauen in andere entwickeln. Sie m\u00fcssen willens sein, sich zu integrieren und sich zu \u00f6ffnen. Beide Seiten \u2013 die Helfer und der Hilfesuchende \u2013 sind also gefordert, ihren Beitrag leisten.<\/p><p><strong>Inklusion <\/strong>betrifft jeden. Denn jeder w\u00fcnscht sich eine Gesellschaft, in der ein gutes und friedliches Zusammenleben aller m\u00f6glich ist. In der alle miteinander lernen, arbeiten, leben und neue Ideen entwickeln. Und jeder Einzelne kann seinen Teil dazu beitragen.<\/p>\t\t\t\t\t\t\t\t<\/div>\n\t\t\t\t<\/div>\n\t\t\t\t<div class=\"elementor-element elementor-element-12e12e9 elementor-widget elementor-widget-spacer\" data-id=\"12e12e9\" data-element_type=\"widget\" data-e-type=\"widget\" data-widget_type=\"spacer.default\">\n\t\t\t\t<div class=\"elementor-widget-container\">\n\t\t\t\t\t\t\t<div class=\"elementor-spacer\">\n\t\t\t<div class=\"elementor-spacer-inner\"><\/div>\n\t\t<\/div>\n\t\t\t\t\t\t<\/div>\n\t\t\t\t<\/div>\n\t\t\t\t\t<\/div>\n\t\t<\/div>\n\t\t\t\t\t<\/div>\n\t\t<\/section>\n\t\t\t\t<\/div>\n\t\t","protected":false},"excerpt":{"rendered":"<p>Inklusion \u2013 f\u00fcr ein Miteinander\u200b Jeder Mensch geh\u00f6rt dazu. Unabh\u00e4ngig davon, wie er aussieht, welche Sprache er spricht oder ob er eine Behinderung hat.\u00a0 Inklusion ist heutzutage ein viel diskutierter Begriff. Doch was genau bedeutet er eigentlich? Zun\u00e4chst der Ursprung: Inklusion stammt vom lateinischen Wort inclusio ab, was so viel bedeutet wie &#8222;Ein\u00adschluss&#8220;. Es geht&hellip;<\/p>\n","protected":false},"author":1,"featured_media":0,"parent":7995,"menu_order":0,"comment_status":"closed","ping_status":"closed","template":"","meta":{"footnotes":""},"class_list":["post-13029","page","type-page","status-publish","hentry"],"_links":{"self":[{"href":"https:\/\/tumaini-ev.de\/index.php?rest_route=\/wp\/v2\/pages\/13029","targetHints":{"allow":["GET"]}}],"collection":[{"href":"https:\/\/tumaini-ev.de\/index.php?rest_route=\/wp\/v2\/pages"}],"about":[{"href":"https:\/\/tumaini-ev.de\/index.php?rest_route=\/wp\/v2\/types\/page"}],"author":[{"embeddable":true,"href":"https:\/\/tumaini-ev.de\/index.php?rest_route=\/wp\/v2\/users\/1"}],"replies":[{"embeddable":true,"href":"https:\/\/tumaini-ev.de\/index.php?rest_route=%2Fwp%2Fv2%2Fcomments&post=13029"}],"version-history":[{"count":43,"href":"https:\/\/tumaini-ev.de\/index.php?rest_route=\/wp\/v2\/pages\/13029\/revisions"}],"predecessor-version":[{"id":13074,"href":"https:\/\/tumaini-ev.de\/index.php?rest_route=\/wp\/v2\/pages\/13029\/revisions\/13074"}],"up":[{"embeddable":true,"href":"https:\/\/tumaini-ev.de\/index.php?rest_route=\/wp\/v2\/pages\/7995"}],"wp:attachment":[{"href":"https:\/\/tumaini-ev.de\/index.php?rest_route=%2Fwp%2Fv2%2Fmedia&parent=13029"}],"curies":[{"name":"wp","href":"https:\/\/api.w.org\/{rel}","templated":true}]}}