{"id":12794,"date":"2023-06-10T10:52:03","date_gmt":"2023-06-10T08:52:03","guid":{"rendered":"https:\/\/tumaini-ev.de\/?page_id=12794"},"modified":"2023-06-10T11:37:02","modified_gmt":"2023-06-10T09:37:02","slug":"datenschutz-verein","status":"publish","type":"page","link":"https:\/\/tumaini-ev.de\/?page_id=12794","title":{"rendered":"Datenschutz Verein"},"content":{"rendered":"\t\t<div data-elementor-type=\"wp-page\" data-elementor-id=\"12794\" class=\"elementor elementor-12794\" data-elementor-post-type=\"page\">\n\t\t\t\t\t\t<section class=\"elementor-section elementor-top-section elementor-element elementor-element-3e0f22a elementor-section-boxed elementor-section-height-default elementor-section-height-default\" data-id=\"3e0f22a\" data-element_type=\"section\" data-e-type=\"section\">\n\t\t\t\t\t\t<div class=\"elementor-container elementor-column-gap-default\">\n\t\t\t\t\t<div class=\"elementor-column elementor-col-100 elementor-top-column elementor-element elementor-element-46aace2\" data-id=\"46aace2\" data-element_type=\"column\" data-e-type=\"column\">\n\t\t\t<div class=\"elementor-widget-wrap elementor-element-populated\">\n\t\t\t\t\t\t<div class=\"elementor-element elementor-element-3b51cd5 elementor-widget elementor-widget-heading\" data-id=\"3b51cd5\" data-element_type=\"widget\" data-e-type=\"widget\" data-widget_type=\"heading.default\">\n\t\t\t\t<div class=\"elementor-widget-container\">\n\t\t\t\t\t<h2 class=\"elementor-heading-title elementor-size-default\">Datenschutzerkl\u00e4rung<\/h2>\t\t\t\t<\/div>\n\t\t\t\t<\/div>\n\t\t\t\t<div class=\"elementor-element elementor-element-f06bd46 elementor-widget elementor-widget-spacer\" data-id=\"f06bd46\" data-element_type=\"widget\" data-e-type=\"widget\" data-widget_type=\"spacer.default\">\n\t\t\t\t<div class=\"elementor-widget-container\">\n\t\t\t\t\t\t\t<div class=\"elementor-spacer\">\n\t\t\t<div class=\"elementor-spacer-inner\"><\/div>\n\t\t<\/div>\n\t\t\t\t\t\t<\/div>\n\t\t\t\t<\/div>\n\t\t\t\t<div class=\"elementor-element elementor-element-4d57afd elementor-widget__width-auto elementor-widget elementor-widget-text-editor\" data-id=\"4d57afd\" data-element_type=\"widget\" data-e-type=\"widget\" data-widget_type=\"text-editor.default\">\n\t\t\t\t<div class=\"elementor-widget-container\">\n\t\t\t\t\t\t\t\t\t<p>Die Nutzung unserer Webseite ist in der Regel ohne Angabe personenbezogener Daten m\u00f6glich. Soweit auf unseren Seiten personenbezogene Daten (beispielsweise Name, Anschrift oder eMail-Adressen) erhoben werden, erfolgt dies, soweit m\u00f6glich, stets auf freiwilliger Basis. Diese Daten werden ohne Ihre ausdr\u00fcckliche Zustimmung nicht an Dritte weitergegeben.<\/p><p>Wir weisen darauf hin, dass die Daten\u00fcbertragung im Internet (z.B. bei der Kommunikation per E-Mail) Sicherheitsl\u00fccken aufweisen kann. Ein l\u00fcckenloser Schutz der Daten vor dem Zugriff durch Dritte ist nicht m\u00f6glich.<\/p><p>Der Nutzung von im Rahmen der Impressumspflicht ver\u00f6ffentlichten Kontaktdaten durch Dritte zur \u00dcbersendung von nicht ausdr\u00fccklich angeforderter Werbung und Informationsmaterialien wird hiermit ausdr\u00fccklich widersprochen. Die Betreiber der Seiten behalten sich ausdr\u00fccklich rechtliche Schritte im Falle der unverlangten Zusendung von Werbeinformationen, etwa durch Spam-Mails, vor.<\/p><h4>Auskunft, L\u00f6schung, Sperrung<\/h4><p>Sie haben selbstverst\u00e4ndlich jederzeit das Recht auf unentgeltliche Auskunft \u00fcber Ihre gespeicherten personenbezogenen Daten, deren Herkunft und Empf\u00e4nger und den Zweck der Datenverarbeitung sowie ein Recht auf Berichtigung, Sperrung oder L\u00f6schung dieser Daten, sofern andere gesetzliche Regelungen (z.B. gesetzliche Aufbewahrungspflichten) dem nicht entgegenstehen. Hierzu sowie zu weiteren Fragen zum Thema personenbezogene Daten k\u00f6nnen Sie sich jederzeit unter der im Impressum angegebenen Adresse schriftlich an uns wenden.<\/p><h4>SSL-Verschl\u00fcsselung<\/h4><p>Die Sicherheit und der Schutz von \u00fcbertragenen Inhalten, z.B. E-Mail-Anfragen, werden durch eine SSL-Verschl\u00fcsselung gesch\u00fctzt. Eine SSL-Verschl\u00fcsselung erkennen Sie daran, dass im Browser in der Adresszeile ein Schloss erscheint. Bei aktivierter SSL-Verschl\u00fcsselung k\u00f6nnen Daten nicht von Dritten gelesen werden.<\/p><p>Wir weisen ausdr\u00fccklich darauf hin, dass die Daten\u00fcbertragung im Internet (z.B. bei der Kommunikation per E-Mail) Sicherheitsl\u00fccken aufweisen und nicht l\u00fcckenlos vor dem Zugriff durch Dritte gesch\u00fctzt werden kann.<\/p><h4>Server-Log-Files<\/h4><p>Der Provider der Seiten erhebt und speichert automatisch Informationen in so genannten Server-Log Files, die Ihr Browser automatisch an uns \u00fcbermittelt. Dies sind:<\/p><p>\u2022 Browsertyp\/Browserversion <br \/>\u2022 verwendetes Betriebssystem <br \/>\u2022 Referrer URL <br \/>\u2022 Hostname des zugreifenden Rechners (IP-Adresse) <br \/>\u2022 Uhrzeit der Serveranfrage<\/p><p>Diese Daten sind nicht bestimmten Personen zuordenbar. Eine Zusammenf\u00fchrung dieser Daten mit anderen Datenquellen wird nicht vorgenommen. Wir behalten uns vor, diese Daten nachtr\u00e4glich zu pr\u00fcfen, wenn uns konkrete Anhaltspunkte f\u00fcr eine rechtswidrige Nutzung bekannt werden.<\/p><h4>Kontaktformular<\/h4><p>Wenn Sie uns per Kontaktformular Anfragen zukommen lassen, werden Ihre Angaben aus dem Anfrageformular inklusive der von Ihnen dort angegebenen Kontaktdaten zwecks Bearbeitung der Anfrage und f\u00fcr den Fall von Anschlussfragen bei uns gespeichert. Diese Daten geben wir nicht ohne Ihre Einwilligung weiter.<\/p><h4>Kontaktdaten | Widerspruch Werbe-Mails<\/h4><p>Die Verwendung der Kontaktdaten des Impressums zur gewerblichen Werbung ist ausdr\u00fccklich nicht erw\u00fcnscht, es sei denn, der Anbieter hatte zuvor seine schriftliche Einwilligung erteilt oder es besteht bereits eine Gesch\u00e4ftsbeziehung. Der Betreiber dieser Webseite und alle auf dieser Website genannten Personen widersprechen hiermit jeder kommerziellen Verwendung und Weitergabe ihrer Daten.<\/p><p>Der Betreiber der Seiten beh\u00e4lt sich ausdr\u00fccklich rechtliche Schritte im Falle der unverlangten Zusendung von Werbeinformationen, etwa durch Spam-E-Mails, vor.<\/p>\t\t\t\t\t\t\t\t<\/div>\n\t\t\t\t<\/div>\n\t\t\t\t<div class=\"elementor-element elementor-element-4a9c784 elementor-widget elementor-widget-spacer\" data-id=\"4a9c784\" data-element_type=\"widget\" data-e-type=\"widget\" data-widget_type=\"spacer.default\">\n\t\t\t\t<div class=\"elementor-widget-container\">\n\t\t\t\t\t\t\t<div class=\"elementor-spacer\">\n\t\t\t<div class=\"elementor-spacer-inner\"><\/div>\n\t\t<\/div>\n\t\t\t\t\t\t<\/div>\n\t\t\t\t<\/div>\n\t\t\t\t\t<\/div>\n\t\t<\/div>\n\t\t\t\t\t<\/div>\n\t\t<\/section>\n\t\t\t\t<\/div>\n\t\t","protected":false},"excerpt":{"rendered":"<p>Datenschutzerkl\u00e4rung Die Nutzung unserer Webseite ist in der Regel ohne Angabe personenbezogener Daten m\u00f6glich. Soweit auf unseren Seiten personenbezogene Daten (beispielsweise Name, Anschrift oder eMail-Adressen) erhoben werden, erfolgt dies, soweit m\u00f6glich, stets auf freiwilliger Basis. Diese Daten werden ohne Ihre ausdr\u00fcckliche Zustimmung nicht an Dritte weitergegeben. Wir weisen darauf hin, dass die Daten\u00fcbertragung im Internet&hellip;<\/p>\n","protected":false},"author":1,"featured_media":0,"parent":7995,"menu_order":0,"comment_status":"closed","ping_status":"closed","template":"elementor_theme","meta":{"footnotes":""},"class_list":["post-12794","page","type-page","status-publish","hentry"],"_links":{"self":[{"href":"https:\/\/tumaini-ev.de\/index.php?rest_route=\/wp\/v2\/pages\/12794","targetHints":{"allow":["GET"]}}],"collection":[{"href":"https:\/\/tumaini-ev.de\/index.php?rest_route=\/wp\/v2\/pages"}],"about":[{"href":"https:\/\/tumaini-ev.de\/index.php?rest_route=\/wp\/v2\/types\/page"}],"author":[{"embeddable":true,"href":"https:\/\/tumaini-ev.de\/index.php?rest_route=\/wp\/v2\/users\/1"}],"replies":[{"embeddable":true,"href":"https:\/\/tumaini-ev.de\/index.php?rest_route=%2Fwp%2Fv2%2Fcomments&post=12794"}],"version-history":[{"count":10,"href":"https:\/\/tumaini-ev.de\/index.php?rest_route=\/wp\/v2\/pages\/12794\/revisions"}],"predecessor-version":[{"id":12805,"href":"https:\/\/tumaini-ev.de\/index.php?rest_route=\/wp\/v2\/pages\/12794\/revisions\/12805"}],"up":[{"embeddable":true,"href":"https:\/\/tumaini-ev.de\/index.php?rest_route=\/wp\/v2\/pages\/7995"}],"wp:attachment":[{"href":"https:\/\/tumaini-ev.de\/index.php?rest_route=%2Fwp%2Fv2%2Fmedia&parent=12794"}],"curies":[{"name":"wp","href":"https:\/\/api.w.org\/{rel}","templated":true}]}}