{"id":12770,"date":"2023-06-10T10:26:27","date_gmt":"2023-06-10T08:26:27","guid":{"rendered":"https:\/\/tumaini-ev.de\/?page_id=12770"},"modified":"2026-03-26T21:23:38","modified_gmt":"2026-03-26T20:23:38","slug":"impressum-ggbmh","status":"publish","type":"page","link":"https:\/\/tumaini-ev.de\/?page_id=12770","title":{"rendered":"Impressum gGbmH"},"content":{"rendered":"\t\t<div data-elementor-type=\"wp-page\" data-elementor-id=\"12770\" class=\"elementor elementor-12770\" data-elementor-post-type=\"page\">\n\t\t\t\t\t\t<section class=\"elementor-section elementor-top-section elementor-element elementor-element-7c9041e elementor-section-boxed elementor-section-height-default elementor-section-height-default\" data-id=\"7c9041e\" data-element_type=\"section\" data-e-type=\"section\">\n\t\t\t\t\t\t<div class=\"elementor-container elementor-column-gap-default\">\n\t\t\t\t\t<div class=\"elementor-column elementor-col-100 elementor-top-column elementor-element elementor-element-d61c82c\" data-id=\"d61c82c\" data-element_type=\"column\" data-e-type=\"column\">\n\t\t\t<div class=\"elementor-widget-wrap elementor-element-populated\">\n\t\t\t\t\t\t<div class=\"elementor-element elementor-element-4b4b1b2 elementor-widget elementor-widget-heading\" data-id=\"4b4b1b2\" data-element_type=\"widget\" data-e-type=\"widget\" data-widget_type=\"heading.default\">\n\t\t\t\t<div class=\"elementor-widget-container\">\n\t\t\t\t\t<h2 class=\"elementor-heading-title elementor-size-default\">Impressum<\/h2>\t\t\t\t<\/div>\n\t\t\t\t<\/div>\n\t\t\t\t<div class=\"elementor-element elementor-element-ab71cc3 elementor-widget elementor-widget-spacer\" data-id=\"ab71cc3\" data-element_type=\"widget\" data-e-type=\"widget\" data-widget_type=\"spacer.default\">\n\t\t\t\t<div class=\"elementor-widget-container\">\n\t\t\t\t\t\t\t<div class=\"elementor-spacer\">\n\t\t\t<div class=\"elementor-spacer-inner\"><\/div>\n\t\t<\/div>\n\t\t\t\t\t\t<\/div>\n\t\t\t\t<\/div>\n\t\t\t\t\t<\/div>\n\t\t<\/div>\n\t\t\t\t\t<\/div>\n\t\t<\/section>\n\t\t\t\t<section class=\"elementor-section elementor-top-section elementor-element elementor-element-374353f elementor-section-boxed elementor-section-height-default elementor-section-height-default\" data-id=\"374353f\" data-element_type=\"section\" data-e-type=\"section\">\n\t\t\t\t\t\t<div class=\"elementor-container elementor-column-gap-default\">\n\t\t\t\t\t<div class=\"elementor-column elementor-col-100 elementor-top-column elementor-element elementor-element-87f568f\" data-id=\"87f568f\" data-element_type=\"column\" data-e-type=\"column\">\n\t\t\t<div class=\"elementor-widget-wrap elementor-element-populated\">\n\t\t\t\t\t\t<div class=\"elementor-element elementor-element-52eb7cf elementor-widget elementor-widget-text-editor\" data-id=\"52eb7cf\" data-element_type=\"widget\" data-e-type=\"widget\" data-widget_type=\"text-editor.default\">\n\t\t\t\t<div class=\"elementor-widget-container\">\n\t\t\t\t\t\t\t\t\t<h4>Tumaini<strong> gemeinn\u00fctzige GmbH<br \/><\/strong><\/h4><p>Eiffestrasse 74<br \/>20537 Hamburg<br \/>Telefon: +49 40 254 189 74<br \/>Fax: +49 40 600 080 09<br \/>E-Mail: info@tumaini-ev.de<\/p><p><strong>Vertreten durch die Gesch\u00e4ftsf\u00fchrerin:<\/strong><br \/>Lucy Wanjiku<\/p><p><strong>Registereintrag:<\/strong><br \/>Eintragung im Handelsregister<br \/>Registergericht: Amtsgericht Hamburg<br \/>Registernummer: HRB 170775<\/p><p><strong>Verantwortlich f\u00fcr den Inhalt nach \u00a7 18 Abs. 2 MStV:<\/strong><br \/>Lucy Wanjiku<br \/>E-Mail; lucy.wanjiku@tumaini-ev.de<\/p><p><strong>Gesetzliche Berufsbezeichnungen:<\/strong><br \/>Staatlich anerkannter Erzieher<br \/>Staatlich anerkannter Heilerzieher<br \/>Staatlich anerkannte Sozialp\u00e4dagogen<\/p><p>Die Berufsbezeichnungen wurden in der Bundesrepublik Deutschland verliehen.<\/p><p><strong>Berufsrechtliche Regelungen insbesondere:<\/strong><\/p><ul><li>Rahmenvereinbarung zum Schutzauftrag der Kinder- und Jugendhilfe<\/li><li>Hamburger Rahmenvertrag f\u00fcr ambulante Erziehungshilfen<\/li><li>Kinder- und Jugendhilferecht gem\u00e4\u00df dem Sozialgesetzbuch (SGB) VIII<\/li><li>Gesetz zur Kooperation und Information im Kinderschutz (KKG)Infektionsschutzgesetz (IfSG)<\/li><li>Rahmenvereinbarung zum Schutzauftrag der Kinder- und Jugendhilfe<\/li><li>Bundeskinderschutzgesetz (BKiSchG)<\/li><li>Hamburger Rahmenvertrag nach \u00a7 78f SGB VIII<\/li><li>Hamburger Rahmenvertrag f\u00fcr ambulante Erziehungshilfen\u00a0\u00a0<\/li><\/ul><p><strong>Diese Regelungen finden Sie unter:<\/strong><br \/>www.hamburg.de\/fachinformationen\/rechtliche-grundlagen\/<br \/>www.hamburg.de\/fachanweisungen-globalrichtlinien\/<br \/>www.gesetze-im-internet.de\/sgb_8\/<br \/>https:\/\/www.gesetze-im-internet.de\/ifsg\/<br \/>https:\/\/www.hamburg.de\/kinderschutz\/fachkraefte\/9129010\/rahmenvereinbarung-schutzauftrag-kinder-und-jugendhilfe\/<br \/>https:\/\/www.gesetze-im-internet.de\/kkg\/BJNR297510011.html<br \/>https:\/\/www.hamburg.de\/contentblob\/536100\/598d851db73ba9ab7d16fde9e9e234b6\/data\/landesrahmenvertrag-hze.pdf<br \/>https:\/\/www.hamburg.de\/contentblob\/2335868\/1bc3b96fae273fccdcdee74a5a3a04e7\/data\/hamburger-rahmenvertrag-fuer-ambulante-erziehungshilfen.pdf<\/p><p><strong>Aufsichtsbeh\u00f6rde:<\/strong><br \/>Beh\u00f6rde f\u00fcr Arbeit, Soziales, Familie und Integration<br \/>Amt f\u00fcr Familie<br \/>Abteilung Gestaltung der Jugendhilfe<br \/>Tr\u00e4gerberatung und -aufsicht<br \/>Hamburger Stra\u00dfe 47<br \/>22083 Hamburg<br \/>Telefon: +49 40 42 863 &#8211; 0<br \/>Fax: +49 40 42 79 -63 030<br \/>E-Mail: poststelle@soziales.hamburg.de<\/p><p><strong>Allgemeine Informationspflicht nach \u00a7 36 VSBG:<\/strong><br \/>An einem Streitbeilegungsverfahren vor einer Verbraucherschlichtungsstelle nehmen wir nicht teil.<\/p><div>\u00a0<\/div><div>\u00a0<\/div><div>\u00a0<\/div>\t\t\t\t\t\t\t\t<\/div>\n\t\t\t\t<\/div>\n\t\t\t\t\t<\/div>\n\t\t<\/div>\n\t\t\t\t\t<\/div>\n\t\t<\/section>\n\t\t\t\t<section class=\"elementor-section elementor-top-section elementor-element elementor-element-ea15777 elementor-section-boxed elementor-section-height-default elementor-section-height-default\" data-id=\"ea15777\" data-element_type=\"section\" data-e-type=\"section\">\n\t\t\t\t\t\t<div class=\"elementor-container elementor-column-gap-default\">\n\t\t\t\t\t<div class=\"elementor-column elementor-col-100 elementor-top-column elementor-element elementor-element-5911078\" data-id=\"5911078\" data-element_type=\"column\" data-e-type=\"column\">\n\t\t\t<div class=\"elementor-widget-wrap elementor-element-populated\">\n\t\t\t\t\t\t<div class=\"elementor-element elementor-element-24c0802 elementor-widget elementor-widget-text-editor\" data-id=\"24c0802\" data-element_type=\"widget\" data-e-type=\"widget\" data-widget_type=\"text-editor.default\">\n\t\t\t\t<div class=\"elementor-widget-container\">\n\t\t\t\t\t\t\t\t\t<h4 data-wahfont=\"22\">Disclaimer und Copyright<\/h4><h5 data-wahfont=\"19\">Haftungsbeschr\u00e4nkung<\/h5><p data-wahfont=\"17\">Die Inhalte dieser Website werden mit gr\u00f6\u00dftm\u00f6glicher Sorgfalt erstellt. Der Anbieter \u00fcbernimmt jedoch keine Gew\u00e4hr f\u00fcr die Richtigkeit, Vollst\u00e4ndigkeit und Aktualit\u00e4t der bereitgestellten Inhalte. Die Nutzung der Inhalte der Website erfolgt auf eigene Gefahr des Nutzers. Mit der reinen Nutzung der Website des Anbieters kommt keinerlei Vertragsverh\u00e4ltnis zwischen dem Nutzer und dem Anbieter zustande.<\/p><h5 data-wahfont=\"19\">Externe Links<\/h5><p data-wahfont=\"17\">Diese Website enth\u00e4lt Verkn\u00fcpfungen zu Websites Dritter (\u201eexterne Links\u201c). Diese Websites unterliegen der Haftung der jeweiligen Betreiber. Der Anbieter hat bei der erstmaligen Verkn\u00fcpfung der externen Links die fremden Inhalte daraufhin \u00fcberpr\u00fcft, ob etwaige Rechtsverst\u00f6\u00dfe bestehen. Zu dem Zeitpunkt waren keine Rechtsverst\u00f6\u00dfe ersichtlich. Der Anbieter hat keinerlei Einfluss auf die aktuelle und zuk\u00fcnftige Gestaltung und auf die Inhalte der verkn\u00fcpften Seiten. Das Setzen von externen Links bedeutet nicht, dass sich der Anbieter die hinter dem Verweis oder Link liegenden Inhalte zu Eigen macht. Eine st\u00e4ndige Kontrolle dieser externen Links ist f\u00fcr den Anbieter ohne konkrete Hinweise auf Rechtsverst\u00f6\u00dfe nicht zumutbar. Bei Kenntnis von Rechtsverst\u00f6\u00dfen werden jedoch derartige externe Links unverz\u00fcglich gel\u00f6scht.<\/p><h5 data-wahfont=\"19\">Urheber- und Leistungsschutzrechte<\/h5><p data-wahfont=\"17\">Die auf dieser Website ver\u00f6ffentlichten Inhalte unterliegen dem deutschen Urheber- und Leistungsschutzrecht. Jede vom deutschen Urheber- und Leistungsschutzrecht nicht zugelassene Verwertung bedarf der vorherigen schriftlichen Zustimmung des Anbieters oder jeweiligen Rechteinhabers. Dies gilt insbesondere f\u00fcr Vervielf\u00e4ltigung, Bearbeitung, \u00dcbersetzung, Einspeicherung, Verarbeitung bzw. Wiedergabe von Inhalten in Datenbanken oder anderen elektronischen Medien und Systemen. Inhalte und Rechte Dritter sind dabei als solche gekennzeichnet. Die unerlaubte Vervielf\u00e4ltigung oder Weitergabe einzelner Inhalte oder kompletter Seiten ist nicht gestattet und strafbar. Lediglich die Herstellung von Kopien und Downloads f\u00fcr den pers\u00f6nlichen, privaten und nicht kommerziellen Gebrauch ist erlaubt. Die Darstellung dieser Website in fremden Frames ist nur mit schriftlicher Erlaubnis zul\u00e4ssig.<\/p>\t\t\t\t\t\t\t\t<\/div>\n\t\t\t\t<\/div>\n\t\t\t\t\t<\/div>\n\t\t<\/div>\n\t\t\t\t\t<\/div>\n\t\t<\/section>\n\t\t\t\t<\/div>\n\t\t","protected":false},"excerpt":{"rendered":"<p>Impressum Tumaini gemeinn\u00fctzige GmbH Eiffestrasse 7420537 HamburgTelefon: +49 40 254 189 74Fax: +49 40 600 080 09E-Mail: info@tumaini-ev.de Vertreten durch die Gesch\u00e4ftsf\u00fchrerin:Lucy Wanjiku Registereintrag:Eintragung im HandelsregisterRegistergericht: Amtsgericht HamburgRegisternummer: HRB 170775 Verantwortlich f\u00fcr den Inhalt nach \u00a7 18 Abs. 2 MStV:Lucy WanjikuE-Mail; lucy.wanjiku@tumaini-ev.de Gesetzliche Berufsbezeichnungen:Staatlich anerkannter ErzieherStaatlich anerkannter HeilerzieherStaatlich anerkannte Sozialp\u00e4dagogen Die Berufsbezeichnungen wurden in der&hellip;<\/p>\n","protected":false},"author":1,"featured_media":0,"parent":6401,"menu_order":0,"comment_status":"closed","ping_status":"closed","template":"elementor_theme","meta":{"footnotes":""},"class_list":["post-12770","page","type-page","status-publish","hentry"],"_links":{"self":[{"href":"https:\/\/tumaini-ev.de\/index.php?rest_route=\/wp\/v2\/pages\/12770","targetHints":{"allow":["GET"]}}],"collection":[{"href":"https:\/\/tumaini-ev.de\/index.php?rest_route=\/wp\/v2\/pages"}],"about":[{"href":"https:\/\/tumaini-ev.de\/index.php?rest_route=\/wp\/v2\/types\/page"}],"author":[{"embeddable":true,"href":"https:\/\/tumaini-ev.de\/index.php?rest_route=\/wp\/v2\/users\/1"}],"replies":[{"embeddable":true,"href":"https:\/\/tumaini-ev.de\/index.php?rest_route=%2Fwp%2Fv2%2Fcomments&post=12770"}],"version-history":[{"count":29,"href":"https:\/\/tumaini-ev.de\/index.php?rest_route=\/wp\/v2\/pages\/12770\/revisions"}],"predecessor-version":[{"id":14399,"href":"https:\/\/tumaini-ev.de\/index.php?rest_route=\/wp\/v2\/pages\/12770\/revisions\/14399"}],"up":[{"embeddable":true,"href":"https:\/\/tumaini-ev.de\/index.php?rest_route=\/wp\/v2\/pages\/6401"}],"wp:attachment":[{"href":"https:\/\/tumaini-ev.de\/index.php?rest_route=%2Fwp%2Fv2%2Fmedia&parent=12770"}],"curies":[{"name":"wp","href":"https:\/\/api.w.org\/{rel}","templated":true}]}}